{"id":2305,"date":"2025-06-18T16:22:20","date_gmt":"2025-06-18T19:22:20","guid":{"rendered":"https:\/\/cineop.com.br\/?page_id=2305"},"modified":"2025-06-18T16:23:31","modified_gmt":"2025-06-18T19:23:31","slug":"comissao-de-juri","status":"publish","type":"page","link":"https:\/\/cineop.com.br\/2025\/o-evento\/comissao-de-juri\/","title":{"rendered":"Comiss\u00e3o de J\u00fari"},"content":{"rendered":"\n<h3 class=\"wp-block-heading\"><strong>J\u00daRI OFICIAL<\/strong><\/h3>\n\n\n\n<p><strong>ALEX SANDRO CALHEIROS DE MOURA<\/strong> DIRETOR DO MUSEU DA INCONFID\u00caNCIA EM OURO PRETO<br>IBRAM: foi Diretor Substituto do Departamento de Processos Museais (2021-2022) \u00c9 Professor Associado III no Departamento de Filoso\ufb01a da Universidade de Bras\u00edlia. Foi Diretor de Difus\u00e3o Cultural pelo Decanato de Extens\u00e3o da UnB, Casa da Cultura da Am\u00e9rica Latina e Casa Oscar Niemeyer (2016 a 2021). Coordenador da licenciatura em Filoso\ufb01a da Universidade de Bras\u00edlia (2010-2014). Chefe de Departamento de Filoso\ufb01a na Universidade de Bras\u00edlia (2015-2016). Foi professor visitante no Departamento de Filoso\ufb01a da Universidade de S\u00e2o Paulo (2014). Membro permanente dos programas de p\u00f3s-gradua\u00e7\u00e3o em Filoso\ufb01a (PPG-FIL UnB e PPG-Fil UFOP). Possui gradua\u00e7\u00e3o em Filoso\ufb01a pela Universidade de S\u00e3o Paulo (2002) e doutorado em Filoso\ufb01a pela Universidade de S\u00e3o Paulo (2009). Tem experi\u00eancia na \u00e1rea de Filoso\ufb01a, com \u00eanfase em Hist\u00f3ria da Filoso\ufb01a, Filoso\ufb01a Pol\u00edtica e Est\u00e9tica.<\/p>\n\n\n\n<p><strong>MARCUS MELLO<\/strong> PROGRAMADOR E EDITOR DA REVISTA TEOREMA<br>Pesquisador, programador e cr\u00edtico de cinema, um dos editores da revista &#8220;Teorema&#8221;, fundada em agosto de 2002, uma das publica\u00e7\u00f5es de cinema mais longevas e respeitadas do Brasil.&nbsp; Formado em Letras, \u00e9 Mestre em Literatura Brasileira pela UFRGS e especialista em gest\u00e3o cultural pela Universidade de Girona, na Espanha, em curso realizado em parceria com o Ita\u00fa Cultural de S\u00e3o Paulo. Servidor da Secretaria da Cultura de Porto Alegre, na qual ingressou atrav\u00e9s de concurso p\u00fablico em outubro de 1996. Entre 2000 e 2013 foi programador da Sala P. F. Gastal, na Usina do Gas\u00f4metro, uma refer\u00eancia do circuito de exibi\u00e7\u00e3o alternativa na capital ga\u00facha. Entre maio de 2013 e dezembro de 2016 foi Coordenador de Cinema, V\u00eddeo e Fotografia da Secretaria da Cultura de Porto Alegre, e diretor da Cinemateca Capit\u00f3lio, inaugurada em mar\u00e7o de 2015.&nbsp; Membro da ABPA \u2013 Associa\u00e7\u00e3o Brasileira de Preserva\u00e7\u00e3o Audiovisual e da ABRACCINE \u2013 Associa\u00e7\u00e3o Brasileira de Cr\u00edticos de Cinema.<\/p>\n\n\n\n<p><strong>SHEILA SCHVARZMAN<\/strong> HISTORIADORA<br>Professora do Programa de P\u00f3s Gradua\u00e7\u00e3o em Comunica\u00e7\u00e3o e dos cursos de Cinema e Audiovisual da Universidade Anhembi Morumbi &#8211; S\u00e3o Paulo. \u00c9 autora de Humberto Mauro e as Imagens do Brasil (Edunesp, 2004), organizou com Fern\u00e3o Ramos e escreveu 3 cap\u00edtulos da Nova Hist\u00f3ria do Cinema Brasileiro (Ed. Sesc. 2018).<\/p>\n","protected":false},"excerpt":{"rendered":"<p>J\u00daRI OFICIAL ALEX SANDRO CALHEIROS DE MOURA DIRETOR DO MUSEU DA INCONFID\u00caNCIA EM OURO PRETOIBRAM: foi Diretor Substituto do Departamento de Processos Museais (2021-2022) \u00c9 Professor Associado III no Departamento [&hellip;]<\/p>\n","protected":false},"author":1,"featured_media":0,"parent":238,"menu_order":0,"comment_status":"closed","ping_status":"closed","template":"","meta":{"footnotes":""},"class_list":["post-2305","page","type-page","status-publish","hentry"],"acf":[],"_links":{"self":[{"href":"https:\/\/cineop.com.br\/2025\/wp-json\/wp\/v2\/pages\/2305","targetHints":{"allow":["GET"]}}],"collection":[{"href":"https:\/\/cineop.com.br\/2025\/wp-json\/wp\/v2\/pages"}],"about":[{"href":"https:\/\/cineop.com.br\/2025\/wp-json\/wp\/v2\/types\/page"}],"author":[{"embeddable":true,"href":"https:\/\/cineop.com.br\/2025\/wp-json\/wp\/v2\/users\/1"}],"replies":[{"embeddable":true,"href":"https:\/\/cineop.com.br\/2025\/wp-json\/wp\/v2\/comments?post=2305"}],"version-history":[{"count":2,"href":"https:\/\/cineop.com.br\/2025\/wp-json\/wp\/v2\/pages\/2305\/revisions"}],"predecessor-version":[{"id":2307,"href":"https:\/\/cineop.com.br\/2025\/wp-json\/wp\/v2\/pages\/2305\/revisions\/2307"}],"up":[{"embeddable":true,"href":"https:\/\/cineop.com.br\/2025\/wp-json\/wp\/v2\/pages\/238"}],"wp:attachment":[{"href":"https:\/\/cineop.com.br\/2025\/wp-json\/wp\/v2\/media?parent=2305"}],"curies":[{"name":"wp","href":"https:\/\/api.w.org\/{rel}","templated":true}]}}