{"id":240,"date":"2025-05-11T19:03:49","date_gmt":"2025-05-11T22:03:49","guid":{"rendered":"http:\/\/167.172.252.128\/?page_id=240"},"modified":"2025-05-29T15:21:25","modified_gmt":"2025-05-29T18:21:25","slug":"apresentacao","status":"publish","type":"page","link":"https:\/\/cineop.com.br\/2025\/o-evento\/apresentacao\/","title":{"rendered":"Apresenta\u00e7\u00e3o"},"content":{"rendered":"\n<p><strong>CINEOP &#8211; MOSTRA DE CINEMA DE OURO PRETO<\/strong><br><strong>O EVENTO QUE TRATA CINEM A COM O PATRIM\u00d4NIO<\/strong><br><strong>O EVENTO DA PRESERVA\u00c7\u00c3O, HIST\u00d3RIA E EDUCA\u00c7\u00c3O<\/strong><br><strong>UM LEGADO CINEMATOGR\u00c1FICO DE MINAS PARA O BRASIL E O MUNDO<\/strong><br><strong>QUE CELEBRA, EM 2025, 20 ANOS DE EXIST\u00caNCIA.<\/strong><\/p>\n\n\n\n<p>Pioneira desde sua cria\u00e7\u00e3o (2006) a enfocar a preserva\u00e7\u00e3o audiovisual, mem\u00f3ria, hist\u00f3ria e a tratar o cinema como patrim\u00f4nio, a <strong>CineOP \u2013 Mostra de Cinema de Ouro Preto<\/strong> chega a sua <strong>20\u00aa edi\u00e7\u00e3o<\/strong> de <strong>25 a 30 de junho de 2025 <\/strong>reafirmando o prop\u00f3sito de ser um espa\u00e7o de reflex\u00e3o e luta pela salvaguarda do rico e vasto patrim\u00f4nio audiovisual brasileiro em di\u00e1logo com a educa\u00e7\u00e3o e em interc\u00e2mbio com o mundo.<\/p>\n\n\n\n<p>Idealizada pela Universo Produ\u00e7\u00e3o para estar a servi\u00e7o da preserva\u00e7\u00e3o do patrim\u00f4nio cinematogr\u00e1fico brasileiro e da educa\u00e7\u00e3o, a CineOP foi acolhida de imediato por institui\u00e7\u00f5es, t\u00e9cnicos, pesquisadores, historiadores, colecionadores, jornalistas e colaboradores, que a elegeram f\u00f3rum de reflex\u00f5es e encaminhamento de a\u00e7\u00f5es do setor da preserva\u00e7\u00e3o. Tornou-se palco de encontros, discuss\u00f5es e decis\u00f5es do setor de preserva\u00e7\u00e3o, que clama por aten\u00e7\u00e3o e pol\u00edticas p\u00fablicas em um mundo hiperacelerado e tecnol\u00f3gico, que muitas vezes se esquece ou neglig\u00eancia sua pr\u00f3pria hist\u00f3ria.<\/p>\n\n\n\n<p><strong>Em 2011<\/strong>, recebeu o <strong>Pr\u00eamio de Preserva\u00e7\u00e3o da Academia Brasileira de Cinema. Em 2015<\/strong> celebrou uma d\u00e9cada de exist\u00eancia e editou <strong>uma publica\u00e7\u00e3o colaborativa<\/strong> registrando os avan\u00e7os e acontecimentos hist\u00f3ricos do setor da preserva\u00e7\u00e3o no per\u00edodo 2006-2015, e, <strong>em 2017, fez o lan\u00e7amento do Plano Nacional de Preserva\u00e7\u00e3o \u2013 uma conquista coletiva que visa colaborar na constru\u00e7\u00e3o e aprimoramento de pol\u00edticas p\u00fablicas nacionais para o setor.<\/strong><\/p>\n\n\n\n<p>A programa\u00e7\u00e3o est\u00e1 estruturada em tr\u00eas tem\u00e1ticas &#8211; <strong>preserva\u00e7\u00e3o, hist\u00f3ria e educa\u00e7\u00e3o<\/strong> e ser\u00e1 realizada na <strong>Pra\u00e7a Tiradentes, no Centro de Artes e Conven\u00e7\u00f5es<\/strong> e no <strong>Cine-Museu da Inconfid\u00eancia<\/strong>. Ser\u00e3o exibidos mais de <strong>100<\/strong> <strong>filmes em pr\u00e9-estreias nacionais e retrospectivas, homenagens, debates, oficinas, sess\u00f5es cine-Escola, mostrinha de cinema, exposi\u00e7\u00f5es, cortejo, shows musicais e atra\u00e7\u00f5es art\u00edst<\/strong>icas e, ainda, a realiza\u00e7\u00e3o do <strong>20\u00ba Encontro Nacional de Arquivos e Acervos Audiovisuais Brasileiros <\/strong>e do<strong> Encontro da Educa\u00e7\u00e3o: XVII F\u00f3rum da Rede Kino<\/strong> \u2013 Rede Latino-Americana de Educa\u00e7\u00e3o, Cinema e Audiovisual. <strong>Toda programa\u00e7\u00e3o \u00e9 oferecida gratuitamente para um p\u00fablico estimado em mais de 20 mil pessoas.<\/strong><\/p>\n\n\n\n<p>A CineOP promove em suas edi\u00e7\u00f5es anuais, uma programa\u00e7\u00e3o que reafirma o compromisso com a cidade de Ouro Preto, ao promover a\u00e7\u00f5es que beneficiam diretamente as comunidades e distritos. Destacamos o programa <strong>Cine-Express\u00e3o \u2013 A Escola Vai Ao Cinema<\/strong> que realiza <strong>sess\u00f5es cine-escola, cine-debates e elabora\u00e7\u00e3o de material pedag\u00f3gico<\/strong> para atender a demanda de mais de <strong>2.500 estudantes e educadores da rede p\u00fablica de ensino<\/strong>. Realiza a <strong>Mostra Valores<\/strong> que destaca e valores projetos, pessoas e a\u00e7\u00f5es realizadas no munic\u00edpio, atrav\u00e9s da realiza\u00e7\u00e3o da Festa Junina que convida Quadrilhas da cidade e destina os pontos de venda para beneficiar as Institui\u00e7\u00f5es sem fins lucrativos.<\/p>\n\n\n\n<p>Se estamos num processo constante de conquista de espa\u00e7o para o cinema brasileiro, precisamos manter a mem\u00f3ria do p\u00fablico em ebuli\u00e7\u00e3o. Garantir que a presen\u00e7a do cinema brasileiro seja cada vez maior na mem\u00f3ria presente do p\u00fablico e cada vez mais representativa para os cineastas das novas gera\u00e7\u00f5es.<\/p>\n\n\n\n<p>A CineOP se constitui um f\u00f3rum \u00fanico e privilegiado de discuss\u00f5es e reflex\u00f5es do patrim\u00f4nio cinematogr\u00e1fico brasileiro, ocupando lugar de destaque no cen\u00e1rio nacional de festivais e mostras de cinema e refer\u00eancia em outros pa\u00edses, pela sua proposta in\u00e9dita e emergente \u2013tratar o cinema como patrim\u00f4nio em di\u00e1logo com a educa\u00e7\u00e3o.<\/p>\n\n\n\n<p>O patrim\u00f4nio cultural das imagens \u00e9 um dos eixos mais importantes da mem\u00f3ria e identidade sociocultural de um Pa\u00eds \u2013 a\u00e7\u00e3o estrat\u00e9gica e fundamental para o desenvolvimento da na\u00e7\u00e3o, portanto, deve integrar a vida social e pol\u00edtica do Brasil, que re\u00fane expressivo patrim\u00f4nio audiovisual, representativo de sua cultura, hist\u00f3ria, arte e manifesta\u00e7\u00f5es da sociedade.<\/p>\n\n\n\n<p class=\"has-text-align-right\"><strong>Raquel Hallak d\u2019Angelo<\/strong><br>Diretora da Universo Produ\u00e7\u00e3o e<br>Coordenadora Geral da CineOP<\/p>\n\n\n\n<p><\/p>\n","protected":false},"excerpt":{"rendered":"<p>CINEOP &#8211; MOSTRA DE CINEMA DE OURO PRETOO EVENTO QUE TRATA CINEM A COM O PATRIM\u00d4NIOO EVENTO DA PRESERVA\u00c7\u00c3O, HIST\u00d3RIA E EDUCA\u00c7\u00c3OUM LEGADO CINEMATOGR\u00c1FICO DE MINAS PARA O BRASIL E [&hellip;]<\/p>\n","protected":false},"author":1,"featured_media":0,"parent":238,"menu_order":0,"comment_status":"closed","ping_status":"closed","template":"","meta":{"footnotes":""},"class_list":["post-240","page","type-page","status-publish","hentry"],"acf":[],"_links":{"self":[{"href":"https:\/\/cineop.com.br\/2025\/wp-json\/wp\/v2\/pages\/240","targetHints":{"allow":["GET"]}}],"collection":[{"href":"https:\/\/cineop.com.br\/2025\/wp-json\/wp\/v2\/pages"}],"about":[{"href":"https:\/\/cineop.com.br\/2025\/wp-json\/wp\/v2\/types\/page"}],"author":[{"embeddable":true,"href":"https:\/\/cineop.com.br\/2025\/wp-json\/wp\/v2\/users\/1"}],"replies":[{"embeddable":true,"href":"https:\/\/cineop.com.br\/2025\/wp-json\/wp\/v2\/comments?post=240"}],"version-history":[{"count":2,"href":"https:\/\/cineop.com.br\/2025\/wp-json\/wp\/v2\/pages\/240\/revisions"}],"predecessor-version":[{"id":1219,"href":"https:\/\/cineop.com.br\/2025\/wp-json\/wp\/v2\/pages\/240\/revisions\/1219"}],"up":[{"embeddable":true,"href":"https:\/\/cineop.com.br\/2025\/wp-json\/wp\/v2\/pages\/238"}],"wp:attachment":[{"href":"https:\/\/cineop.com.br\/2025\/wp-json\/wp\/v2\/media?parent=240"}],"curies":[{"name":"wp","href":"https:\/\/api.w.org\/{rel}","templated":true}]}}