{"id":273,"date":"2025-05-13T15:39:11","date_gmt":"2025-05-13T18:39:11","guid":{"rendered":"http:\/\/167.172.252.128\/?page_id=273"},"modified":"2026-01-13T19:52:50","modified_gmt":"2026-01-13T22:52:50","slug":"cortejo-da-arte","status":"publish","type":"page","link":"https:\/\/cineop.com.br\/2025\/arte\/cortejo-da-arte\/","title":{"rendered":"Cortejo da Arte"},"content":{"rendered":"<div class=\"expanded\"><div class=\"container container-1216\">\n    <div id=\"formation-block_6823919d8fc3f\" class=\"formation-items\">\n                      <div class=\"formation-item\">\n\n            \n                          <figure>\n                <img loading=\"lazy\" decoding=\"async\" width=\"464\" height=\"464\" src=\"https:\/\/universoproducao.nyc3.digitaloceanspaces.com\/cineop2025\/2025\/06\/22062024_Foto_Jackson_Romanelli-DSC_2156-464x464.jpg\" class=\"attachment-block_workshop size-block_workshop\" alt=\"\" srcset=\"https:\/\/universoproducao.nyc3.digitaloceanspaces.com\/cineop2025\/2025\/06\/22062024_Foto_Jackson_Romanelli-DSC_2156-464x464.jpg 464w, https:\/\/universoproducao.nyc3.digitaloceanspaces.com\/cineop2025\/2025\/06\/22062024_Foto_Jackson_Romanelli-DSC_2156-150x150.jpg 150w, https:\/\/universoproducao.nyc3.digitaloceanspaces.com\/cineop2025\/2025\/06\/22062024_Foto_Jackson_Romanelli-DSC_2156-230x230.jpg 230w, https:\/\/universoproducao.nyc3.digitaloceanspaces.com\/cineop2025\/2025\/06\/22062024_Foto_Jackson_Romanelli-DSC_2156-176x176.jpg 176w, https:\/\/universoproducao.nyc3.digitaloceanspaces.com\/cineop2025\/2025\/06\/22062024_Foto_Jackson_Romanelli-DSC_2156-460x460.jpg 460w\" sizes=\"auto, (max-width: 464px) 100vw, 464px\" \/>              <\/figure>\n            \n                          <div class=\"desc\">\n                                <div class=\"title\">\n                  <h2 class=\"uppercase\">CORTEJO DA ARTE<\/h2>\n                                  <\/div>\n                <div class=\"info\">\n                  <span class=\"date\"><i\n                    class=\"icon-mdi-calendar\"><\/i>28 de junho | S\u00e1bado | 11h30                    <\/span>                                    <span class=\"place\"><i\n                    class=\"icon-pin-fill\"><\/i>Sa\u00edda da Pra\u00e7a Tiradentes com destino ao Cine Vila Rica                    <\/span>                                                                      <\/div>\n                <p class=\"excerpt\">\n                  Um alegre e tradicional passeio musical percorre as ruas tricenten\u00e1rias de Ouro Preto com a reg\u00eancia e a anima\u00e7\u00e3o de bandas, grupos e artistas convidados, numa mistura de ritmos e [&hellip;]                <\/p>\n                                <div class=\"cta\">\n                                      <a class=\"btn-red\" href=\"https:\/\/cineop.com.br\/2025\/atividades\/cortejo-da-arte\/\">\n                      Saiba mais<\/a>\n                                                    <\/div>\n              <\/div>\n                      <\/div>\n            <\/div>\n    <\/div><\/div>\n\n\n<p><\/p>\n","protected":false},"excerpt":{"rendered":"","protected":false},"author":1,"featured_media":0,"parent":265,"menu_order":0,"comment_status":"closed","ping_status":"closed","template":"","meta":{"footnotes":""},"class_list":["post-273","page","type-page","status-publish","hentry"],"acf":[],"_links":{"self":[{"href":"https:\/\/cineop.com.br\/2025\/wp-json\/wp\/v2\/pages\/273","targetHints":{"allow":["GET"]}}],"collection":[{"href":"https:\/\/cineop.com.br\/2025\/wp-json\/wp\/v2\/pages"}],"about":[{"href":"https:\/\/cineop.com.br\/2025\/wp-json\/wp\/v2\/types\/page"}],"author":[{"embeddable":true,"href":"https:\/\/cineop.com.br\/2025\/wp-json\/wp\/v2\/users\/1"}],"replies":[{"embeddable":true,"href":"https:\/\/cineop.com.br\/2025\/wp-json\/wp\/v2\/comments?post=273"}],"version-history":[{"count":3,"href":"https:\/\/cineop.com.br\/2025\/wp-json\/wp\/v2\/pages\/273\/revisions"}],"predecessor-version":[{"id":2046,"href":"https:\/\/cineop.com.br\/2025\/wp-json\/wp\/v2\/pages\/273\/revisions\/2046"}],"up":[{"embeddable":true,"href":"https:\/\/cineop.com.br\/2025\/wp-json\/wp\/v2\/pages\/265"}],"wp:attachment":[{"href":"https:\/\/cineop.com.br\/2025\/wp-json\/wp\/v2\/media?parent=273"}],"curies":[{"name":"wp","href":"https:\/\/api.w.org\/{rel}","templated":true}]}}