{"id":291,"date":"2025-05-13T15:57:51","date_gmt":"2025-05-13T18:57:51","guid":{"rendered":"http:\/\/167.172.252.128\/?page_id=291"},"modified":"2025-06-13T20:49:40","modified_gmt":"2025-06-13T23:49:40","slug":"sesc-cine-lounge-show","status":"publish","type":"page","link":"https:\/\/cineop.com.br\/2025\/arte\/sesc-cine-lounge-show\/","title":{"rendered":"Sesc Cine-Lounge Show"},"content":{"rendered":"\n<h2 class=\"wp-block-heading\"><strong>Shows<\/strong><\/h2>\n\n\n<div class=\"expanded\"><div class=\"container container-1216\">\n    <div id=\"formation-block_68239605da6a1\" class=\"formation-items\">\n                      <div class=\"formation-item\">\n\n            \n                          <figure>\n                <img loading=\"lazy\" decoding=\"async\" width=\"464\" height=\"464\" src=\"https:\/\/universoproducao.nyc3.digitaloceanspaces.com\/cineop2025\/2025\/06\/Xenia-by-Noa-Grayevsky-hero-banner-464x464.jpg\" class=\"attachment-block_workshop size-block_workshop\" alt=\"\" srcset=\"https:\/\/universoproducao.nyc3.digitaloceanspaces.com\/cineop2025\/2025\/06\/Xenia-by-Noa-Grayevsky-hero-banner-464x464.jpg 464w, https:\/\/universoproducao.nyc3.digitaloceanspaces.com\/cineop2025\/2025\/06\/Xenia-by-Noa-Grayevsky-hero-banner-150x150.jpg 150w, https:\/\/universoproducao.nyc3.digitaloceanspaces.com\/cineop2025\/2025\/06\/Xenia-by-Noa-Grayevsky-hero-banner-230x230.jpg 230w, https:\/\/universoproducao.nyc3.digitaloceanspaces.com\/cineop2025\/2025\/06\/Xenia-by-Noa-Grayevsky-hero-banner-176x176.jpg 176w, https:\/\/universoproducao.nyc3.digitaloceanspaces.com\/cineop2025\/2025\/06\/Xenia-by-Noa-Grayevsky-hero-banner-460x460.jpg 460w\" sizes=\"auto, (max-width: 464px) 100vw, 464px\" \/>              <\/figure>\n            \n                          <div class=\"desc\">\n                                <div class=\"title\">\n                  <h2 class=\"uppercase\">X\u00caNIA FRAN\u00c7A<\/h2>\n                                  <\/div>\n                <div class=\"info\">\n                  <span class=\"date\"><i\n                    class=\"icon-mdi-calendar\"><\/i>26 de junho | quinta | a partir de 22h                    <\/span>                                    <span class=\"place\"><i\n                    class=\"icon-pin-fill\"><\/i>Sesc Cine Lounge Show \u2013 Centro de Conven\u00e7\u00f5es                    <\/span>                                                                      <\/div>\n                <p class=\"excerpt\">\n                  Atual vencedora do Latin Grammy 2023 por seu segundo \u00e1lbum de est\u00fadio, Em Nome da Estrela (2022), na categoria Melhor \u00c1lbum Pop Contempor\u00e2neo em L\u00edngua Portuguesa, X\u00eania Fran\u00e7a, cantora e [&hellip;]                <\/p>\n                                <div class=\"cta\">\n                                      <a class=\"btn-red\" href=\"https:\/\/cineop.com.br\/2025\/atividades\/xenia-franca\/\">\n                      Saiba mais<\/a>\n                                                    <\/div>\n              <\/div>\n                      <\/div>\n                  <div class=\"formation-item\">\n\n            \n                          <figure>\n                <img loading=\"lazy\" decoding=\"async\" width=\"464\" height=\"464\" src=\"https:\/\/universoproducao.nyc3.digitaloceanspaces.com\/cineop2025\/2025\/06\/26.06-AnaCanas_FotoBobWolfenson_01_0115-CK-e1749842568634-464x464.jpg\" class=\"attachment-block_workshop size-block_workshop\" alt=\"\" srcset=\"https:\/\/universoproducao.nyc3.digitaloceanspaces.com\/cineop2025\/2025\/06\/26.06-AnaCanas_FotoBobWolfenson_01_0115-CK-e1749842568634-464x464.jpg 464w, https:\/\/universoproducao.nyc3.digitaloceanspaces.com\/cineop2025\/2025\/06\/26.06-AnaCanas_FotoBobWolfenson_01_0115-CK-e1749842568634-150x150.jpg 150w, https:\/\/universoproducao.nyc3.digitaloceanspaces.com\/cineop2025\/2025\/06\/26.06-AnaCanas_FotoBobWolfenson_01_0115-CK-e1749842568634-230x230.jpg 230w, https:\/\/universoproducao.nyc3.digitaloceanspaces.com\/cineop2025\/2025\/06\/26.06-AnaCanas_FotoBobWolfenson_01_0115-CK-e1749842568634-176x176.jpg 176w, https:\/\/universoproducao.nyc3.digitaloceanspaces.com\/cineop2025\/2025\/06\/26.06-AnaCanas_FotoBobWolfenson_01_0115-CK-e1749842568634-460x460.jpg 460w\" sizes=\"auto, (max-width: 464px) 100vw, 464px\" \/>              <\/figure>\n            \n                          <div class=\"desc\">\n                                <div class=\"title\">\n                  <h2 class=\"uppercase\">ANA CA\u00d1AS\u00a0&#8211; CANTA RITA LEE<\/h2>\n                                  <\/div>\n                <div class=\"info\">\n                  <span class=\"date\"><i\n                    class=\"icon-mdi-calendar\"><\/i>27 de junho | sexta | a partir de 23h                    <\/span>                                    <span class=\"place\"><i\n                    class=\"icon-pin-fill\"><\/i>Sesc Cine Lounge Show \u2013 Centro de Conven\u00e7\u00f5es                    <\/span>                                                                      <\/div>\n                <p class=\"excerpt\">\n                  Cantora, compositora e uma das artistas mais celebradas de sua gera\u00e7\u00e3o. Estreou com o \u00e1lbum Amor e Caos, sendo apontada como revela\u00e7\u00e3o do ano. Indicada ao Grammy Latino por Todxs [&hellip;]                <\/p>\n                                <div class=\"cta\">\n                                      <a class=\"btn-red\" href=\"https:\/\/cineop.com.br\/2025\/atividades\/ana-canas\/\">\n                      Saiba mais<\/a>\n                                                    <\/div>\n              <\/div>\n                      <\/div>\n                  <div class=\"formation-item\">\n\n            \n                          <figure>\n                <img loading=\"lazy\" decoding=\"async\" width=\"464\" height=\"464\" src=\"https:\/\/universoproducao.nyc3.digitaloceanspaces.com\/cineop2025\/2025\/06\/Amandona-Palacio-das-Artes-%C2%A9-Barbara-Moreira-92-1-herobanner-464x464.jpg\" class=\"attachment-block_workshop size-block_workshop\" alt=\"\" srcset=\"https:\/\/universoproducao.nyc3.digitaloceanspaces.com\/cineop2025\/2025\/06\/Amandona-Palacio-das-Artes-%C2%A9-Barbara-Moreira-92-1-herobanner-464x464.jpg 464w, https:\/\/universoproducao.nyc3.digitaloceanspaces.com\/cineop2025\/2025\/06\/Amandona-Palacio-das-Artes-%C2%A9-Barbara-Moreira-92-1-herobanner-150x150.jpg 150w, https:\/\/universoproducao.nyc3.digitaloceanspaces.com\/cineop2025\/2025\/06\/Amandona-Palacio-das-Artes-%C2%A9-Barbara-Moreira-92-1-herobanner-230x230.jpg 230w, https:\/\/universoproducao.nyc3.digitaloceanspaces.com\/cineop2025\/2025\/06\/Amandona-Palacio-das-Artes-%C2%A9-Barbara-Moreira-92-1-herobanner-176x176.jpg 176w, https:\/\/universoproducao.nyc3.digitaloceanspaces.com\/cineop2025\/2025\/06\/Amandona-Palacio-das-Artes-%C2%A9-Barbara-Moreira-92-1-herobanner-460x460.jpg 460w\" sizes=\"auto, (max-width: 464px) 100vw, 464px\" \/>              <\/figure>\n            \n                          <div class=\"desc\">\n                                <div class=\"title\">\n                  <h2 class=\"uppercase\">BAILE DA AMANDONA CONVIDA TACY<\/h2>\n                                  <\/div>\n                <div class=\"info\">\n                  <span class=\"date\"><i\n                    class=\"icon-mdi-calendar\"><\/i>28 de junho | s\u00e1bado | a partir de 22h                    <\/span>                                    <span class=\"place\"><i\n                    class=\"icon-pin-fill\"><\/i>Sesc Cine Lounge Show \u2013 Centro de Conven\u00e7\u00f5es                    <\/span>                                                                      <\/div>\n                <p class=\"excerpt\">\n                  O Baile da Amandona \u00e9 um show para dan\u00e7ar, cantar e celebrar a m\u00fasica feita por mulheres. No repert\u00f3rio, sucessos de Rita Lee, Ludmilla, C\u00e1ssia Eller, Ivete Sangalo, Mar\u00edlia Mendon\u00e7a [&hellip;]                <\/p>\n                                <div class=\"cta\">\n                                      <a class=\"btn-red\" href=\"https:\/\/cineop.com.br\/2025\/atividades\/baile-da-amandona\/\">\n                      Saiba mais<\/a>\n                                                    <\/div>\n              <\/div>\n                      <\/div>\n                  <div class=\"formation-item\">\n\n            \n                          <figure>\n                <img loading=\"lazy\" decoding=\"async\" width=\"464\" height=\"464\" src=\"https:\/\/universoproducao.nyc3.digitaloceanspaces.com\/cineop2025\/2025\/06\/Foto-tutu-com-tacaca_creditos-para-Iana-Domingos2-464x464.jpg\" class=\"attachment-block_workshop size-block_workshop\" alt=\"\" srcset=\"https:\/\/universoproducao.nyc3.digitaloceanspaces.com\/cineop2025\/2025\/06\/Foto-tutu-com-tacaca_creditos-para-Iana-Domingos2-464x464.jpg 464w, https:\/\/universoproducao.nyc3.digitaloceanspaces.com\/cineop2025\/2025\/06\/Foto-tutu-com-tacaca_creditos-para-Iana-Domingos2-150x150.jpg 150w, https:\/\/universoproducao.nyc3.digitaloceanspaces.com\/cineop2025\/2025\/06\/Foto-tutu-com-tacaca_creditos-para-Iana-Domingos2-230x230.jpg 230w, https:\/\/universoproducao.nyc3.digitaloceanspaces.com\/cineop2025\/2025\/06\/Foto-tutu-com-tacaca_creditos-para-Iana-Domingos2-176x176.jpg 176w, https:\/\/universoproducao.nyc3.digitaloceanspaces.com\/cineop2025\/2025\/06\/Foto-tutu-com-tacaca_creditos-para-Iana-Domingos2-460x460.jpg 460w\" sizes=\"auto, (max-width: 464px) 100vw, 464px\" \/>              <\/figure>\n            \n                          <div class=\"desc\">\n                                <div class=\"title\">\n                  <h2 class=\"uppercase\">TUTU COM TACAC\u00c1<\/h2>\n                                  <\/div>\n                <div class=\"info\">\n                  <span class=\"date\"><i\n                    class=\"icon-mdi-calendar\"><\/i>29 de junho | domingo | a partir de 22h                    <\/span>                                    <span class=\"place\"><i\n                    class=\"icon-pin-fill\"><\/i>Sesc Cine Lounge Show \u2013 Centro de Conven\u00e7\u00f5es                    <\/span>                                                                      <\/div>\n                <p class=\"excerpt\">\n                  A banda constr\u00f3i sua sonoridade com inspira\u00e7\u00e3o no carimb\u00f3, ritmo tradicional do estado do Par\u00e1, buscando aliar os tambores paraenses \u00e0 musicalidade das tradi\u00e7\u00f5es de Minas Gerais. O show Carimb\u00f3 [&hellip;]                <\/p>\n                                <div class=\"cta\">\n                                      <a class=\"btn-red\" href=\"https:\/\/cineop.com.br\/2025\/atividades\/tutu-com-tacaca\/\">\n                      Saiba mais<\/a>\n                                                    <\/div>\n              <\/div>\n                      <\/div>\n            <\/div>\n    <\/div><\/div>\n\n\n<div style=\"height:100px\" aria-hidden=\"true\" class=\"wp-block-spacer\"><\/div>\n\n\n\n<h2 class=\"wp-block-heading\"><strong>DJs<\/strong><\/h2>\n\n\n<div class=\"expanded\"><div class=\"container container-1216\">\n    <div id=\"formation-block_68239623da6a2\" class=\"formation-items\">\n                      <div class=\"formation-item\">\n\n            \n                          <figure>\n                <img loading=\"lazy\" decoding=\"async\" width=\"464\" height=\"464\" src=\"https:\/\/universoproducao.nyc3.digitaloceanspaces.com\/cineop2025\/2025\/06\/26-e-27.06-DJ-Viviane-herobanner-464x464.jpeg\" class=\"attachment-block_workshop size-block_workshop\" alt=\"\" srcset=\"https:\/\/universoproducao.nyc3.digitaloceanspaces.com\/cineop2025\/2025\/06\/26-e-27.06-DJ-Viviane-herobanner-464x464.jpeg 464w, https:\/\/universoproducao.nyc3.digitaloceanspaces.com\/cineop2025\/2025\/06\/26-e-27.06-DJ-Viviane-herobanner-150x150.jpeg 150w, https:\/\/universoproducao.nyc3.digitaloceanspaces.com\/cineop2025\/2025\/06\/26-e-27.06-DJ-Viviane-herobanner-230x230.jpeg 230w, https:\/\/universoproducao.nyc3.digitaloceanspaces.com\/cineop2025\/2025\/06\/26-e-27.06-DJ-Viviane-herobanner-176x176.jpeg 176w, https:\/\/universoproducao.nyc3.digitaloceanspaces.com\/cineop2025\/2025\/06\/26-e-27.06-DJ-Viviane-herobanner-460x460.jpeg 460w\" sizes=\"auto, (max-width: 464px) 100vw, 464px\" \/>              <\/figure>\n            \n                          <div class=\"desc\">\n                                <div class=\"title\">\n                  <h2 class=\"uppercase\">DJ VIVIANE<\/h2>\n                                  <\/div>\n                <div class=\"info\">\n                  <span class=\"date\"><i\n                    class=\"icon-mdi-calendar\"><\/i>26 e 27 de junho | quinta e sexta | 22h e 23h                    <\/span>                                    <span class=\"place\"><i\n                    class=\"icon-pin-fill\"><\/i>Sesc Cine Lounge Show \u2013 Centro de Conven\u00e7\u00f5es                    <\/span>                                                                      <\/div>\n                <p class=\"excerpt\">\n                  Viviane Barcellos, nascida em Ouro Preto, \u00e9 artista, comunicadora e produtora cultural. Em seu trabalho como DJ desenvolve sets que mesclam ritmos brasileiros, latinos e africanos. J\u00e1 se apresentou no [&hellip;]                <\/p>\n                                  <p><i>Abertura do Show da X\u00eania Fran\u00e7a e do Show Ana Ca\u00f1as canta Rita Lee<\/i><\/p>\n                                <div class=\"cta\">\n                                      <a class=\"btn-red\" href=\"https:\/\/cineop.com.br\/2025\/atividades\/dj-viviane\/\">\n                      Saiba mais<\/a>\n                                                    <\/div>\n              <\/div>\n                      <\/div>\n                  <div class=\"formation-item\">\n\n            \n                          <figure>\n                <img loading=\"lazy\" decoding=\"async\" width=\"464\" height=\"464\" src=\"https:\/\/universoproducao.nyc3.digitaloceanspaces.com\/cineop2025\/2025\/06\/DJ-PATRIDA-464x464.jpg\" class=\"attachment-block_workshop size-block_workshop\" alt=\"\" srcset=\"https:\/\/universoproducao.nyc3.digitaloceanspaces.com\/cineop2025\/2025\/06\/DJ-PATRIDA-464x464.jpg 464w, https:\/\/universoproducao.nyc3.digitaloceanspaces.com\/cineop2025\/2025\/06\/DJ-PATRIDA-150x150.jpg 150w, https:\/\/universoproducao.nyc3.digitaloceanspaces.com\/cineop2025\/2025\/06\/DJ-PATRIDA-230x230.jpg 230w, https:\/\/universoproducao.nyc3.digitaloceanspaces.com\/cineop2025\/2025\/06\/DJ-PATRIDA-176x176.jpg 176w, https:\/\/universoproducao.nyc3.digitaloceanspaces.com\/cineop2025\/2025\/06\/DJ-PATRIDA-460x460.jpg 460w\" sizes=\"auto, (max-width: 464px) 100vw, 464px\" \/>              <\/figure>\n            \n                          <div class=\"desc\">\n                                <div class=\"title\">\n                  <h2 class=\"uppercase\">DJ P\u00c1TRIDA<\/h2>\n                                  <\/div>\n                <div class=\"info\">\n                  <span class=\"date\"><i\n                    class=\"icon-mdi-calendar\"><\/i>28 e 29 de junho | s\u00e1bado e domingo | 22h                    <\/span>                                    <span class=\"place\"><i\n                    class=\"icon-pin-fill\"><\/i>Sesc Cine Lounge Show \u2013 Centro de Conven\u00e7\u00f5es                    <\/span>                                                                      <\/div>\n                <p class=\"excerpt\">\n                  Produtor musical, compositor e artista visual mineiro, cujas cria\u00e7\u00f5es s\u00e3o um reflexo potente da cultura musical perif\u00e9rica. Nascido e criado entre as ladeiras hist\u00f3ricas de Ouro Preto e Mariana, P\u00e1trida [&hellip;]                <\/p>\n                                  <p><i>Abertura do Show Baile da Amandona convida Tacy e do Show do Tutu com Tacac\u00e1<\/i><\/p>\n                                <div class=\"cta\">\n                                      <a class=\"btn-red\" href=\"https:\/\/cineop.com.br\/2025\/atividades\/dj-patrida\/\">\n                      Saiba mais<\/a>\n                                                    <\/div>\n              <\/div>\n                      <\/div>\n            <\/div>\n    <\/div><\/div>\n\n\n<div style=\"height:100px\" aria-hidden=\"true\" class=\"wp-block-spacer\"><\/div>\n\n\n\n<h2 class=\"wp-block-heading\"><strong>Animadores Culturais<\/strong><\/h2>\n\n\n<div class=\"expanded\"><div class=\"container container-1216\">\n    <div id=\"formation-block_684cb9053288a\" class=\"formation-items\">\n                      <div class=\"formation-item\">\n\n            \n                          <figure>\n                <img loading=\"lazy\" decoding=\"async\" width=\"464\" height=\"464\" src=\"https:\/\/universoproducao.nyc3.digitaloceanspaces.com\/cineop2025\/2025\/06\/David-Maurity-464x464.jpg\" class=\"attachment-block_workshop size-block_workshop\" alt=\"\" srcset=\"https:\/\/universoproducao.nyc3.digitaloceanspaces.com\/cineop2025\/2025\/06\/David-Maurity-464x464.jpg 464w, https:\/\/universoproducao.nyc3.digitaloceanspaces.com\/cineop2025\/2025\/06\/David-Maurity-300x300.jpg 300w, https:\/\/universoproducao.nyc3.digitaloceanspaces.com\/cineop2025\/2025\/06\/David-Maurity-150x150.jpg 150w, https:\/\/universoproducao.nyc3.digitaloceanspaces.com\/cineop2025\/2025\/06\/David-Maurity-230x230.jpg 230w, https:\/\/universoproducao.nyc3.digitaloceanspaces.com\/cineop2025\/2025\/06\/David-Maurity-176x176.jpg 176w, https:\/\/universoproducao.nyc3.digitaloceanspaces.com\/cineop2025\/2025\/06\/David-Maurity-460x460.jpg 460w, https:\/\/universoproducao.nyc3.digitaloceanspaces.com\/cineop2025\/2025\/06\/David-Maurity.jpg 683w\" sizes=\"auto, (max-width: 464px) 100vw, 464px\" \/>              <\/figure>\n            \n                          <div class=\"desc\">\n                                <div class=\"title\">\n                  <h2 class=\"uppercase\">DAVID MAURITY<\/h2>\n                                  <\/div>\n                <div class=\"info\">\n                                                                                                                            <\/div>\n                <p class=\"excerpt\">\n                  Integrante do Toda Deseo, coletivo art\u00edstico que aborda a tem\u00e1tica de g\u00eanero de forma criativa e provocadora. Transgressoras e encorajadas, as a\u00e7\u00f5es desse coletivo visam garantir a liberdade de express\u00e3o [&hellip;]                <\/p>\n                                <div class=\"cta\">\n                                      <a class=\"btn-red\" href=\"https:\/\/cineop.com.br\/2025\/atividades\/david-maurity-2\/\">\n                      Saiba mais<\/a>\n                                                    <\/div>\n              <\/div>\n                      <\/div>\n                  <div class=\"formation-item\">\n\n            \n                          <figure>\n                <img loading=\"lazy\" decoding=\"async\" width=\"464\" height=\"464\" src=\"https:\/\/universoproducao.nyc3.digitaloceanspaces.com\/cineop2025\/2025\/06\/pitoco-464x464.jpg\" class=\"attachment-block_workshop size-block_workshop\" alt=\"\" srcset=\"https:\/\/universoproducao.nyc3.digitaloceanspaces.com\/cineop2025\/2025\/06\/pitoco-464x464.jpg 464w, https:\/\/universoproducao.nyc3.digitaloceanspaces.com\/cineop2025\/2025\/06\/pitoco-150x150.jpg 150w, https:\/\/universoproducao.nyc3.digitaloceanspaces.com\/cineop2025\/2025\/06\/pitoco-230x230.jpg 230w, https:\/\/universoproducao.nyc3.digitaloceanspaces.com\/cineop2025\/2025\/06\/pitoco-176x176.jpg 176w, https:\/\/universoproducao.nyc3.digitaloceanspaces.com\/cineop2025\/2025\/06\/pitoco-460x460.jpg 460w\" sizes=\"auto, (max-width: 464px) 100vw, 464px\" \/>              <\/figure>\n            \n                          <div class=\"desc\">\n                                <div class=\"title\">\n                  <h2 class=\"uppercase\">PALHA\u00c7O PITOCO<\/h2>\n                                  <\/div>\n                <div class=\"info\">\n                                                                                                                            <\/div>\n                <p class=\"excerpt\">\n                  Ele \u00e9 um t\u00edpico brincalh\u00e3o brasileiro. Entre trope\u00e7os e tropic\u00f5es, se diverte junto ao p\u00fablico, propondo uma combina\u00e7\u00e3o afinada entre cultura popular, m\u00fasica e o universo do circo tradicional de [&hellip;]                <\/p>\n                                <div class=\"cta\">\n                                      <a class=\"btn-red\" href=\"https:\/\/cineop.com.br\/2025\/atividades\/palhaco-pitoco\/\">\n                      Saiba mais<\/a>\n                                                    <\/div>\n              <\/div>\n                      <\/div>\n                  <div class=\"formation-item\">\n\n            \n                          <figure>\n                <img loading=\"lazy\" decoding=\"async\" width=\"464\" height=\"464\" src=\"https:\/\/universoproducao.nyc3.digitaloceanspaces.com\/cineop2025\/2025\/06\/53808741719_18cbee32eb_o-464x464.jpg\" class=\"attachment-block_workshop size-block_workshop\" alt=\"\" srcset=\"https:\/\/universoproducao.nyc3.digitaloceanspaces.com\/cineop2025\/2025\/06\/53808741719_18cbee32eb_o-464x464.jpg 464w, https:\/\/universoproducao.nyc3.digitaloceanspaces.com\/cineop2025\/2025\/06\/53808741719_18cbee32eb_o-150x150.jpg 150w, https:\/\/universoproducao.nyc3.digitaloceanspaces.com\/cineop2025\/2025\/06\/53808741719_18cbee32eb_o-230x230.jpg 230w, https:\/\/universoproducao.nyc3.digitaloceanspaces.com\/cineop2025\/2025\/06\/53808741719_18cbee32eb_o-176x176.jpg 176w, https:\/\/universoproducao.nyc3.digitaloceanspaces.com\/cineop2025\/2025\/06\/53808741719_18cbee32eb_o-460x460.jpg 460w\" sizes=\"auto, (max-width: 464px) 100vw, 464px\" \/>              <\/figure>\n            \n                          <div class=\"desc\">\n                                <div class=\"title\">\n                  <h2 class=\"uppercase\">TURMA DO PIPOCA<\/h2>\n                                  <\/div>\n                <div class=\"info\">\n                                                                                                                            <\/div>\n                <p class=\"excerpt\">\n                  Para encantar, divertir, despertar na crian\u00e7ada e na juventude a paix\u00e3o pelo cinema e ainda conscientizar, envolver, unir as linguagens educa\u00e7\u00e3o e cultura, foi idealizada pela Universo Produ\u00e7\u00e3o a Turma [&hellip;]                <\/p>\n                                <div class=\"cta\">\n                                      <a class=\"btn-red\" href=\"https:\/\/cineop.com.br\/2025\/atividades\/turma-do-pipoca\/\">\n                      Saiba mais<\/a>\n                                                    <\/div>\n              <\/div>\n                      <\/div>\n            <\/div>\n    <\/div><\/div>","protected":false},"excerpt":{"rendered":"<p>Shows DJs Animadores Culturais<\/p>\n","protected":false},"author":1,"featured_media":0,"parent":265,"menu_order":0,"comment_status":"closed","ping_status":"closed","template":"","meta":{"footnotes":""},"class_list":["post-291","page","type-page","status-publish","hentry"],"acf":[],"_links":{"self":[{"href":"https:\/\/cineop.com.br\/2025\/wp-json\/wp\/v2\/pages\/291","targetHints":{"allow":["GET"]}}],"collection":[{"href":"https:\/\/cineop.com.br\/2025\/wp-json\/wp\/v2\/pages"}],"about":[{"href":"https:\/\/cineop.com.br\/2025\/wp-json\/wp\/v2\/types\/page"}],"author":[{"embeddable":true,"href":"https:\/\/cineop.com.br\/2025\/wp-json\/wp\/v2\/users\/1"}],"replies":[{"embeddable":true,"href":"https:\/\/cineop.com.br\/2025\/wp-json\/wp\/v2\/comments?post=291"}],"version-history":[{"count":4,"href":"https:\/\/cineop.com.br\/2025\/wp-json\/wp\/v2\/pages\/291\/revisions"}],"predecessor-version":[{"id":2052,"href":"https:\/\/cineop.com.br\/2025\/wp-json\/wp\/v2\/pages\/291\/revisions\/2052"}],"up":[{"embeddable":true,"href":"https:\/\/cineop.com.br\/2025\/wp-json\/wp\/v2\/pages\/265"}],"wp:attachment":[{"href":"https:\/\/cineop.com.br\/2025\/wp-json\/wp\/v2\/media?parent=291"}],"curies":[{"name":"wp","href":"https:\/\/api.w.org\/{rel}","templated":true}]}}