{"id":295,"date":"2025-05-13T16:00:29","date_gmt":"2025-05-13T19:00:29","guid":{"rendered":"http:\/\/167.172.252.128\/?page_id=295"},"modified":"2025-07-30T16:06:39","modified_gmt":"2025-07-30T19:06:39","slug":"releases","status":"publish","type":"page","link":"https:\/\/cineop.com.br\/2025\/comunicacao\/releases\/","title":{"rendered":"Releases"},"content":{"rendered":"\n<div class=\"wp-block-file\"><a id=\"wp-block-file--media-f81d1c42-8a76-429e-96a9-dc23cfb106b2\" href=\"https:\/\/cineop.com.br\/wp-content\/uploads\/2025\/07\/CineOP-2025-release-conceitual-final.docx\">CineOP 2025 &#8211; release conceitual final<\/a><a href=\"https:\/\/cineop.com.br\/wp-content\/uploads\/2025\/07\/CineOP-2025-release-conceitual-final.docx\" class=\"wp-block-file__button wp-element-button\" download aria-describedby=\"wp-block-file--media-f81d1c42-8a76-429e-96a9-dc23cfb106b2\">Baixar<\/a><\/div>\n\n\n\n<div class=\"wp-block-file\"><a id=\"wp-block-file--media-8796a955-2612-4ef0-a016-cee7f0a4d925\" href=\"https:\/\/cineop.com.br\/wp-content\/uploads\/2025\/06\/Release_Paraiso-de-Ana-Rieper-conquista-o-primeiro-premio-da-mostra-competitiva-na-20a-Cineop.docx\">Release_Parai\u0301so, de Ana Rieper, conquista o primeiro pre\u0302mio da mostra competitiva na 20\u00aa Cineop<\/a><a href=\"https:\/\/cineop.com.br\/wp-content\/uploads\/2025\/06\/Release_Paraiso-de-Ana-Rieper-conquista-o-primeiro-premio-da-mostra-competitiva-na-20a-Cineop.docx\" class=\"wp-block-file__button wp-element-button\" download aria-describedby=\"wp-block-file--media-8796a955-2612-4ef0-a016-cee7f0a4d925\">Baixar<\/a><\/div>\n\n\n\n<div class=\"wp-block-file\"><a id=\"wp-block-file--media-c76fd025-4b3e-4adc-9786-eeef444bb5d2\" href=\"https:\/\/cineop.com.br\/wp-content\/uploads\/2025\/06\/20a-CineOP_Release_Itau-Cultural-Play-1.docx\">20\u00aa CineOP_Release_Itau\u0301 Cultural Play<\/a><a href=\"https:\/\/cineop.com.br\/wp-content\/uploads\/2025\/06\/20a-CineOP_Release_Itau-Cultural-Play-1.docx\" class=\"wp-block-file__button wp-element-button\" download aria-describedby=\"wp-block-file--media-c76fd025-4b3e-4adc-9786-eeef444bb5d2\">Baixar<\/a><\/div>\n\n\n\n<div class=\"wp-block-file\"><a id=\"wp-block-file--media-3dd7325a-a12c-4cf1-ac8d-89abc2f870ee\" href=\"https:\/\/cineop.com.br\/wp-content\/uploads\/2025\/06\/20a-CineOP_Release_-Balanco.docx\">20a CineOP_Release_ Balanc\u0327o<\/a><a href=\"https:\/\/cineop.com.br\/wp-content\/uploads\/2025\/06\/20a-CineOP_Release_-Balanco.docx\" class=\"wp-block-file__button wp-element-button\" download aria-describedby=\"wp-block-file--media-3dd7325a-a12c-4cf1-ac8d-89abc2f870ee\">Baixar<\/a><\/div>\n\n\n\n<div class=\"wp-block-file\"><a id=\"wp-block-file--media-f3a72a66-8a5e-47ca-b3d2-9c2806606011\" href=\"https:\/\/cineop.com.br\/wp-content\/uploads\/2025\/06\/20a-CineOP_-Release-Curso-UFOP-1.docx\">20\u00aa CineOP_ Release Curso UFOP<\/a><a href=\"https:\/\/cineop.com.br\/wp-content\/uploads\/2025\/06\/20a-CineOP_-Release-Curso-UFOP-1.docx\" class=\"wp-block-file__button wp-element-button\" download aria-describedby=\"wp-block-file--media-f3a72a66-8a5e-47ca-b3d2-9c2806606011\">Baixar<\/a><\/div>\n\n\n\n<div class=\"wp-block-file\"><a id=\"wp-block-file--media-b6fcbd5a-5bad-4d8f-8774-3e3f8bf9a063\" href=\"https:\/\/cineop.com.br\/wp-content\/uploads\/2025\/06\/07_20a-CineOP_Release20-anos.docx\">07_20a-CineOP_Release20 anos<\/a><a href=\"https:\/\/cineop.com.br\/wp-content\/uploads\/2025\/06\/07_20a-CineOP_Release20-anos.docx\" class=\"wp-block-file__button wp-element-button\" download aria-describedby=\"wp-block-file--media-b6fcbd5a-5bad-4d8f-8774-3e3f8bf9a063\">Baixar<\/a><\/div>\n\n\n\n<div class=\"wp-block-file\"><a id=\"wp-block-file--media-5bfda1b0-4544-40b7-9758-934b0bb46e11\" href=\"https:\/\/cineop.com.br\/wp-content\/uploads\/2025\/06\/20a-CineOP_Release-Paulo-Alcoforado.docx\">20\u00aa CineOP_Release Paulo Alcoforado<\/a><a href=\"https:\/\/cineop.com.br\/wp-content\/uploads\/2025\/06\/20a-CineOP_Release-Paulo-Alcoforado.docx\" class=\"wp-block-file__button wp-element-button\" download aria-describedby=\"wp-block-file--media-5bfda1b0-4544-40b7-9758-934b0bb46e11\">Baixar<\/a><\/div>\n\n\n\n<div class=\"wp-block-file\"><a id=\"wp-block-file--media-d327e7e5-919b-4112-b35b-9d2e12b8b013\" href=\"https:\/\/cineop.com.br\/wp-content\/uploads\/2025\/06\/Release_Mostra-Valores-.docx\">Release_Mostra Valores<\/a><a href=\"https:\/\/cineop.com.br\/wp-content\/uploads\/2025\/06\/Release_Mostra-Valores-.docx\" class=\"wp-block-file__button wp-element-button\" download aria-describedby=\"wp-block-file--media-d327e7e5-919b-4112-b35b-9d2e12b8b013\">Baixar<\/a><\/div>\n\n\n\n<div class=\"wp-block-file\"><a id=\"wp-block-file--media-bb23b742-8119-46bf-b7e3-4e7907ec01e4\" href=\"https:\/\/cineop.com.br\/wp-content\/uploads\/2025\/06\/20a-CineOP_Release-Jandira-Feghali.docx\">20\u00aa CineOP_Release Jandira Feghali<\/a><a href=\"https:\/\/cineop.com.br\/wp-content\/uploads\/2025\/06\/20a-CineOP_Release-Jandira-Feghali.docx\" class=\"wp-block-file__button wp-element-button\" download aria-describedby=\"wp-block-file--media-bb23b742-8119-46bf-b7e3-4e7907ec01e4\">Baixar<\/a><\/div>\n\n\n\n<div class=\"wp-block-file\"><a id=\"wp-block-file--media-d7567bd3-a535-4181-8705-ca2ecbec69dc\" href=\"https:\/\/cineop.com.br\/wp-content\/uploads\/2025\/06\/20a-CineOP_Release-Debate-Marisa-Orth.docx\">20\u00aa CineOP_Release Debate Marisa Orth<\/a><a href=\"https:\/\/cineop.com.br\/wp-content\/uploads\/2025\/06\/20a-CineOP_Release-Debate-Marisa-Orth.docx\" class=\"wp-block-file__button wp-element-button\" download aria-describedby=\"wp-block-file--media-d7567bd3-a535-4181-8705-ca2ecbec69dc\">Baixar<\/a><\/div>\n\n\n\n<div class=\"wp-block-file\"><a id=\"wp-block-file--media-028d2e1a-1d5d-449d-9157-c8c54df5919f\" href=\"https:\/\/cineop.com.br\/wp-content\/uploads\/2025\/06\/20a-CineOP_Release-abertura-.docx\">20\u00aa CineOP_Release abertura<\/a><a href=\"https:\/\/cineop.com.br\/wp-content\/uploads\/2025\/06\/20a-CineOP_Release-abertura-.docx\" class=\"wp-block-file__button wp-element-button\" download aria-describedby=\"wp-block-file--media-028d2e1a-1d5d-449d-9157-c8c54df5919f\">Baixar<\/a><\/div>\n\n\n\n<div class=\"wp-block-file\"><a id=\"wp-block-file--media-f8e9a747-dcf3-4c9d-bc04-6606f9aeec40\" href=\"https:\/\/cineop.com.br\/wp-content\/uploads\/2025\/06\/08_20a-CineOP_Release-de-vespera-V2.docx\">08_20\u00aa CineOP_Release de ve\u0301spera V2<\/a><a href=\"https:\/\/cineop.com.br\/wp-content\/uploads\/2025\/06\/08_20a-CineOP_Release-de-vespera-V2.docx\" class=\"wp-block-file__button wp-element-button\" download aria-describedby=\"wp-block-file--media-f8e9a747-dcf3-4c9d-bc04-6606f9aeec40\">Baixar<\/a><\/div>\n\n\n\n<div class=\"wp-block-file\"><a id=\"wp-block-file--media-ca740d36-2b24-4bb3-9d8b-101c1a1ea946\" href=\"https:\/\/cineop.com.br\/wp-content\/uploads\/2025\/06\/20a-CineOP_Release-geral.docx\">20\u00aa CineOP_Release geral<\/a><a href=\"https:\/\/cineop.com.br\/wp-content\/uploads\/2025\/06\/20a-CineOP_Release-geral.docx\" class=\"wp-block-file__button wp-element-button\" download aria-describedby=\"wp-block-file--media-ca740d36-2b24-4bb3-9d8b-101c1a1ea946\">Baixar<\/a><\/div>\n\n\n\n<div class=\"wp-block-file\"><a id=\"wp-block-file--media-e7f9a323-fda8-41cd-9b0b-f46ffe28432d\" href=\"https:\/\/cineop.com.br\/wp-content\/uploads\/2025\/06\/07_20a-CineOP_Release-Arte_revMKT2306_revGCult2406.docx\">07_20\u00aa CineOP_Release Arte<\/a><a href=\"https:\/\/cineop.com.br\/wp-content\/uploads\/2025\/06\/07_20a-CineOP_Release-Arte_revMKT2306_revGCult2406.docx\" class=\"wp-block-file__button wp-element-button\" download aria-describedby=\"wp-block-file--media-e7f9a323-fda8-41cd-9b0b-f46ffe28432d\">Baixar<\/a><\/div>\n\n\n\n<div class=\"wp-block-file\"><a id=\"wp-block-file--media-ca4cf1ed-4c76-4ab1-ae00-c86ffc7f459b\" href=\"https:\/\/cineop.com.br\/wp-content\/uploads\/2025\/06\/06_20a-CineOP_Release_Encontros-Debates-e-Rodas-de-Conversa.docx\">06_20\u00aa CineOP_Release_Encontros, Debates e Rodas de Conversa<\/a><a href=\"https:\/\/cineop.com.br\/wp-content\/uploads\/2025\/06\/06_20a-CineOP_Release_Encontros-Debates-e-Rodas-de-Conversa.docx\" class=\"wp-block-file__button wp-element-button\" download aria-describedby=\"wp-block-file--media-ca4cf1ed-4c76-4ab1-ae00-c86ffc7f459b\">Baixar<\/a><\/div>\n\n\n\n<div class=\"wp-block-file\"><a id=\"wp-block-file--media-c2dcce32-db13-4cc6-8e45-fb3103d4c9f2\" href=\"https:\/\/cineop.com.br\/wp-content\/uploads\/2025\/06\/05_20a-CineOP_2025_Release_CineOP-20-anos.docx\">05_20\u00aa CineOP_2025_Release_CineOP 20 anos<\/a><a href=\"https:\/\/cineop.com.br\/wp-content\/uploads\/2025\/06\/05_20a-CineOP_2025_Release_CineOP-20-anos.docx\" class=\"wp-block-file__button wp-element-button\" download aria-describedby=\"wp-block-file--media-c2dcce32-db13-4cc6-8e45-fb3103d4c9f2\">Baixar<\/a><\/div>\n\n\n\n<div class=\"wp-block-file\"><a id=\"wp-block-file--media-aa158ddb-4597-43f6-925c-a43549d7f57a\" href=\"https:\/\/cineop.com.br\/wp-content\/uploads\/2025\/06\/04_20a-CineOP_Release_Encontro-Arquivos-e-Encontro-Educacao.docx\">04_20a CineOP_Release_Encontro Arquivos e Encontro Educa\u00e7\u00e3o<\/a><a href=\"https:\/\/cineop.com.br\/wp-content\/uploads\/2025\/06\/04_20a-CineOP_Release_Encontro-Arquivos-e-Encontro-Educacao.docx\" class=\"wp-block-file__button wp-element-button\" download aria-describedby=\"wp-block-file--media-aa158ddb-4597-43f6-925c-a43549d7f57a\">Baixar<\/a><\/div>\n\n\n\n<div class=\"wp-block-file\"><a id=\"wp-block-file--media-f73b980d-a758-4b95-8010-3e8c9c39a22c\" href=\"https:\/\/cineop.com.br\/wp-content\/uploads\/2025\/06\/03_20a-CineOP_Release_INSCRICOES-ABERTAS-PARA-O-PROGRAMA-DE-FORMACAO-DA-20a-CINEOP.docx\">03_20a CineOP_Release_INSCRI\u00c7\u00d5ES ABERTAS PARA O PROGRAMA DE FORMA\u00c7\u00c3O DA 20\u00aa CINEOP<\/a><a href=\"https:\/\/cineop.com.br\/wp-content\/uploads\/2025\/06\/03_20a-CineOP_Release_INSCRICOES-ABERTAS-PARA-O-PROGRAMA-DE-FORMACAO-DA-20a-CINEOP.docx\" class=\"wp-block-file__button wp-element-button\" download aria-describedby=\"wp-block-file--media-f73b980d-a758-4b95-8010-3e8c9c39a22c\">Baixar<\/a><\/div>\n\n\n\n<div class=\"wp-block-file\"><a id=\"wp-block-file--media-de74f6a5-d92e-4497-99d6-4b6793e60336\" href=\"https:\/\/cineop.com.br\/wp-content\/uploads\/2025\/06\/20a-CineOP_Release_Tematica-e-Homenagem.docx\">20a CineOP_Release_Tem\u00e1tica e Homenagem<\/a><a href=\"https:\/\/cineop.com.br\/wp-content\/uploads\/2025\/06\/20a-CineOP_Release_Tematica-e-Homenagem.docx\" class=\"wp-block-file__button wp-element-button\" download aria-describedby=\"wp-block-file--media-de74f6a5-d92e-4497-99d6-4b6793e60336\">Baixar<\/a><\/div>\n","protected":false},"excerpt":{"rendered":"","protected":false},"author":1,"featured_media":0,"parent":246,"menu_order":0,"comment_status":"closed","ping_status":"closed","template":"","meta":{"footnotes":""},"class_list":["post-295","page","type-page","status-publish","hentry"],"acf":[],"_links":{"self":[{"href":"https:\/\/cineop.com.br\/2025\/wp-json\/wp\/v2\/pages\/295","targetHints":{"allow":["GET"]}}],"collection":[{"href":"https:\/\/cineop.com.br\/2025\/wp-json\/wp\/v2\/pages"}],"about":[{"href":"https:\/\/cineop.com.br\/2025\/wp-json\/wp\/v2\/types\/page"}],"author":[{"embeddable":true,"href":"https:\/\/cineop.com.br\/2025\/wp-json\/wp\/v2\/users\/1"}],"replies":[{"embeddable":true,"href":"https:\/\/cineop.com.br\/2025\/wp-json\/wp\/v2\/comments?post=295"}],"version-history":[{"count":15,"href":"https:\/\/cineop.com.br\/2025\/wp-json\/wp\/v2\/pages\/295\/revisions"}],"predecessor-version":[{"id":2746,"href":"https:\/\/cineop.com.br\/2025\/wp-json\/wp\/v2\/pages\/295\/revisions\/2746"}],"up":[{"embeddable":true,"href":"https:\/\/cineop.com.br\/2025\/wp-json\/wp\/v2\/pages\/246"}],"wp:attachment":[{"href":"https:\/\/cineop.com.br\/2025\/wp-json\/wp\/v2\/media?parent=295"}],"curies":[{"name":"wp","href":"https:\/\/api.w.org\/{rel}","templated":true}]}}