{"id":309,"date":"2025-05-13T16:14:39","date_gmt":"2025-05-13T19:14:39","guid":{"rendered":"http:\/\/167.172.252.128\/?page_id=309"},"modified":"2025-06-24T13:39:09","modified_gmt":"2025-06-24T16:39:09","slug":"contemporanea-tv-ufop","status":"publish","type":"page","link":"https:\/\/cineop.com.br\/2025\/filmes\/contemporanea-tv-ufop\/","title":{"rendered":"Contempor\u00e2nea | TV Ufop"},"content":{"rendered":"\n<p><strong>A MEM\u00d3RIA E O OLHAR PARA A HIST\u00d3RIA NOS CURTAS DE FORMA\u00c7\u00c3O<\/strong><\/p>\n\n\n\n<p>Nas edi\u00e7\u00f5es da CineOP, as tradicionais sess\u00f5es da TV UFOP englobam curtas-metragens realizados dentro de universidades ou institui\u00e7\u00f5es de ensino superior com forma\u00e7\u00e3o em cinema e audiovisual. Duas sess\u00f5es abrangem 10 produ\u00e7\u00f5es de diferentes estados do Brasil, que variam entre os g\u00eaneros document\u00e1rio, experimental e fic\u00e7\u00e3o.<\/p>\n\n\n\n<p>A primeira sess\u00e3o come\u00e7a com <em>Na parede da mem\u00f3ria<\/em>, dirigido por Felipe Brum, da Universidade Federal de Juiz de Fora (UFJF). Orientado para o p\u00fablico jovem, a fic\u00e7\u00e3o trata de interdi\u00e7\u00f5es, efemeridades e lembran\u00e7as entre uma poeta e uma jovem estudante. Da Universidade Estadual do Paran\u00e1 (Unespar), o experimental paranaense <em>Esse navio vai afundar<\/em>, com dire\u00e7\u00e3o de Luc da Silveira, desconstr\u00f3i imagens de casamento, usando t\u00e9cnicas de filtros, borramentos e ru\u00eddos em imagens dom\u00e9sticas de matrim\u00f4nios.&nbsp;&nbsp;&nbsp;<\/p>\n\n\n\n<p>O document\u00e1rio <em>Morte e vida<\/em>, realizado por Camila Castelo, na PUC Minas, busca investigar os rastros de um passado marcado pelas pol\u00edticas manicomiais mantidas pelo Hospital Psiqui\u00e1trico Col\u00f4nia, na cidade mineira de Barbacena. Realizado na Academia Internacional de Cinema (AIC) de S\u00e3o Paulo, o document\u00e1rio <em>Minha c\u00e2mera \u00e9 minha flecha!<\/em>, de Nat\u00e1lia Tupi, recupera a trajet\u00f3ria de luta e resist\u00eancia do jovem comunicador ind\u00edgena Richard Wera Mirim, que \u00e9 da etnia Guarani Mbya, da Terra Ind\u00edgena Jaragu\u00e1. Dirigido por Jair Sanches Molina Jr dentro do Coletivo Audiovisual J\u00fanior da Universidade Estadual do Rio Grande do Norte (UERN), <em>Vidas juninas<\/em> encerra a sess\u00e3o, compondo um panorama dos festejos juninos em Mossor\u00f3, atrav\u00e9s do cotidiano de quatro moradores da cidade.<\/p>\n\n\n\n<p>A segunda sess\u00e3o inicia com <em>Pel\u00edcula<\/em>, dirigido pela dupla Brenda Barbosa e Sofia Le\u00e3o, na Universidade Federal do Rio de Janeiro (UFRJ). O curta experimental prop\u00f5e de forma inventiva a elabora\u00e7\u00e3o de uma narrativa ficcional a partir de imagens garimpadas na Feira da Gl\u00f3ria, do Rio de Janeiro. Realizado na Universidade Federal de S\u00e3o Paulo (Unifesp), o document\u00e1rio <em>Mem\u00f3ria enterrada<\/em>, dirigido por Amanda Santos, debru\u00e7a-se sobre o trabalho de investiga\u00e7\u00e3o feito por pesquisadores da universidade em torno de ossadas encontradas em uma vala clandestina.<\/p>\n\n\n\n<p>Da PUC Minas, o ensaio <em>Cr\u00f4nica de uma casa vazia<\/em>, realizado por Luana Lopes, olha para imagens do passado de uma fam\u00edlia para resgatar a mem\u00f3ria das viv\u00eancias em uma casa agora vazia. A fic\u00e7\u00e3o cearense <em>Do lado de dentro<\/em>, dirigido por Marina Hilbert, na Universidade de Fortaleza (Unifor), reelabora temporalidades e espa\u00e7os em contexto de confinamento e solid\u00e3o. A sess\u00e3o encerra com a fic\u00e7\u00e3o <em>Nosso tipo inesquec\u00edvel<\/em>, realizado por Victor Stoll, da Universidade de S\u00e3o Paulo (USP), que lan\u00e7a m\u00e3o do artif\u00edcio de vozes distorcidas em fitas cassetes para compor uma narrativa sobre morte, ex\u00edlio e retorno ao lugar de origem.&nbsp;<\/p>\n\n\n\n<p class=\"has-text-align-right\"><strong>Camila Vieira<\/strong><br><em>Curadora<\/em><\/p>\n\n\n\n<div style=\"height:61px\" aria-hidden=\"true\" class=\"wp-block-spacer\"><\/div>\n\n\n\n<p><\/p>\n\n\n\n    <div id=\"movie-block_6840c3fa548b6\" class=\"movie-block\">\n                  <div data-slides-per-view=\"4\" id=\"block_6840c3fa548b6\" class=\"movie expanded movie-block movie-list\">\n            <div class=\"container container-1216 flex-col\">\n        <div class=\"\">\n                      <h2 class=\"movie-header-title home-title mb-6\">Exibi\u00e7\u00e3o | 25 e 28 de junho | 10h<\/h2>\n                    <div class=\" movie-items\">\n            <div class=\"movie-items-wrapper\">\n                  <div class=\"movie-item  \">\n      <a href=\"https:\/\/cineop.com.br\/2025\/filme\/esse-navio-vai-afundar\/\">\n        <img loading=\"lazy\" decoding=\"async\" width=\"280\" height=\"432\" src=\"https:\/\/universoproducao.nyc3.digitaloceanspaces.com\/cineop2025\/2025\/05\/Esse-Navio-Vai-Afundar-ESSE_NAVIO_342x507-Luc-da-Silveira-280x432.jpg\" class=\"movie-img\" alt=\"\" \/>\n                <span class=\"movie-content\">\n          <span class=\"title\">Esse navio vai afundar<\/span>\n                      <span class=\"direction on-hover\">Dire\u00e7\u00e3o: Luc da Silveira<\/span>\n                                          <span class=\"country on-hover\">PR<\/span>\n                                <span class=\"read-more btn-link on-hover uppercase\">\n              Saiba mais <i class=\"icon-arrow-right\"><\/i><\/span>\n                  <\/span>\n      <\/a>\n    <\/div>\n        <div class=\"movie-item  \">\n      <a href=\"https:\/\/cineop.com.br\/2025\/filme\/minha-camera-e-minha-flecha\/\">\n        <img loading=\"lazy\" decoding=\"async\" width=\"280\" height=\"432\" src=\"https:\/\/universoproducao.nyc3.digitaloceanspaces.com\/cineop2025\/2025\/05\/Minha-Camera-e-Minha-Flecha-CARTAZ_1-Natalia-Tupi-280x432.png\" class=\"movie-img\" alt=\"\" \/>\n                <span class=\"movie-content\">\n          <span class=\"title\">Minha c\u00e2mera \u00e9 minha flecha!<\/span>\n                      <span class=\"direction on-hover\">Dire\u00e7\u00e3o: Nat\u00e1lia Tupi<\/span>\n                                          <span class=\"country on-hover\">SP<\/span>\n                                <span class=\"read-more btn-link on-hover uppercase\">\n              Saiba mais <i class=\"icon-arrow-right\"><\/i><\/span>\n                  <\/span>\n      <\/a>\n    <\/div>\n        <div class=\"movie-item  \">\n      <a href=\"https:\/\/cineop.com.br\/2025\/filme\/vidas-juninas\/\">\n        <img loading=\"lazy\" decoding=\"async\" width=\"280\" height=\"432\" src=\"https:\/\/universoproducao.nyc3.digitaloceanspaces.com\/cineop2025\/2025\/05\/Vidas-Juninas-cartaz_vidas-juninas-Jair-S.-Molina-Jr-280x432.jpg\" class=\"movie-img\" alt=\"\" \/>\n                <span class=\"movie-content\">\n          <span class=\"title\">Vidas Juninas<\/span>\n                      <span class=\"direction on-hover\">Dire\u00e7\u00e3o: Jair Molina Jr.<\/span>\n                                          <span class=\"country on-hover\">RN\/SP<\/span>\n                                <span class=\"read-more btn-link on-hover uppercase\">\n              Saiba mais <i class=\"icon-arrow-right\"><\/i><\/span>\n                  <\/span>\n      <\/a>\n    <\/div>\n                <\/div>\n          <\/div>\n                  <\/div>\n      <\/div>\n    <\/div>\n              <\/div>\n    \n\n\n<p><\/p>\n\n\n\n    <div id=\"movie-block_685ad48a76159\" class=\"movie-block\">\n                  <div data-slides-per-view=\"4\" id=\"block_685ad48a76159\" class=\"movie expanded movie-block movie-list\">\n            <div class=\"container container-1216 flex-col\">\n        <div class=\"\">\n                      <h2 class=\"movie-header-title home-title mb-6\">Exibi\u00e7\u00e3o | 26 e 29 de junho | 10h<\/h2>\n                    <div class=\" movie-items\">\n            <div class=\"movie-items-wrapper\">\n                  <div class=\"movie-item  \">\n      <a href=\"https:\/\/cineop.com.br\/2025\/filme\/morte-e-vida\/\">\n        <img loading=\"lazy\" decoding=\"async\" width=\"280\" height=\"432\" src=\"https:\/\/universoproducao.nyc3.digitaloceanspaces.com\/cineop2025\/2025\/05\/Morte-e-Vida-POSTER-Camila-280x432.jpg\" class=\"movie-img\" alt=\"\" \/>\n                <span class=\"movie-content\">\n          <span class=\"title\">Morte e Vida<\/span>\n                      <span class=\"direction on-hover\">Dire\u00e7\u00e3o: Camila Castelo<\/span>\n                                          <span class=\"country on-hover\">MG<\/span>\n                                <span class=\"read-more btn-link on-hover uppercase\">\n              Saiba mais <i class=\"icon-arrow-right\"><\/i><\/span>\n                  <\/span>\n      <\/a>\n    <\/div>\n        <div class=\"movie-item  \">\n      <a href=\"https:\/\/cineop.com.br\/2025\/filme\/na-parede-da-memoria\/\">\n        <img loading=\"lazy\" decoding=\"async\" width=\"280\" height=\"432\" src=\"https:\/\/universoproducao.nyc3.digitaloceanspaces.com\/cineop2025\/2025\/05\/Na-Parede-da-Memoria-POSTER-2-Felipe-Reis-280x432.jpg\" class=\"movie-img\" alt=\"\" \/>\n                <span class=\"movie-content\">\n          <span class=\"title\">Na Parede da Mem\u00f3ria<\/span>\n                      <span class=\"direction on-hover\">Dire\u00e7\u00e3o: Felipe Brum<\/span>\n                                          <span class=\"country on-hover\">MG<\/span>\n                                <span class=\"read-more btn-link on-hover uppercase\">\n              Saiba mais <i class=\"icon-arrow-right\"><\/i><\/span>\n                  <\/span>\n      <\/a>\n    <\/div>\n        <div class=\"movie-item  \">\n      <a href=\"https:\/\/cineop.com.br\/2025\/filme\/nosso-tipo-inesquecivel\/\">\n        <img loading=\"lazy\" decoding=\"async\" width=\"280\" height=\"432\" src=\"https:\/\/universoproducao.nyc3.digitaloceanspaces.com\/cineop2025\/2025\/05\/Nosso-Tipo-Inesquecivel-NTP-Poster-Victor-Stoll-280x432.jpg\" class=\"movie-img\" alt=\"\" \/>\n                <span class=\"movie-content\">\n          <span class=\"title\">Nosso Tipo Inesquec\u00edvel<\/span>\n                      <span class=\"direction on-hover\">Dire\u00e7\u00e3o: Victor Stoll<\/span>\n                                          <span class=\"country on-hover\">SP<\/span>\n                                <span class=\"read-more btn-link on-hover uppercase\">\n              Saiba mais <i class=\"icon-arrow-right\"><\/i><\/span>\n                  <\/span>\n      <\/a>\n    <\/div>\n                <\/div>\n          <\/div>\n                  <\/div>\n      <\/div>\n    <\/div>\n              <\/div>\n    \n\n\n<p><\/p>\n\n\n\n    <div id=\"movie-block_685ad49b7615a\" class=\"movie-block\">\n                  <div data-slides-per-view=\"4\" id=\"block_685ad49b7615a\" class=\"movie expanded movie-block movie-list\">\n            <div class=\"container container-1216 flex-col\">\n        <div class=\"\">\n                      <h2 class=\"movie-header-title home-title mb-6\">Exibi\u00e7\u00e3o | 27 e 30 de junho | 10h<\/h2>\n                    <div class=\" movie-items\">\n            <div class=\"movie-items-wrapper\">\n                  <div class=\"movie-item  \">\n      <a href=\"https:\/\/cineop.com.br\/2025\/filme\/cronica-de-uma-casa-vazia\/\">\n        <img loading=\"lazy\" decoding=\"async\" width=\"280\" height=\"432\" src=\"https:\/\/universoproducao.nyc3.digitaloceanspaces.com\/cineop2025\/2025\/05\/Cronicas-de-Uma-Casa-Vazia-Cartaz-Luana-Lopes-280x432.jpeg\" class=\"movie-img\" alt=\"\" \/>\n                <span class=\"movie-content\">\n          <span class=\"title\">Cr\u00f4nica de uma casa vazia<\/span>\n                      <span class=\"direction on-hover\">Dire\u00e7\u00e3o: Luana Lopes<\/span>\n                                          <span class=\"country on-hover\">MG<\/span>\n                                <span class=\"read-more btn-link on-hover uppercase\">\n              Saiba mais <i class=\"icon-arrow-right\"><\/i><\/span>\n                  <\/span>\n      <\/a>\n    <\/div>\n        <div class=\"movie-item  \">\n      <a href=\"https:\/\/cineop.com.br\/2025\/filme\/do-lado-de-dentro\/\">\n        <img loading=\"lazy\" decoding=\"async\" width=\"280\" height=\"432\" src=\"https:\/\/universoproducao.nyc3.digitaloceanspaces.com\/cineop2025\/2025\/05\/Do-Lado-de-Dentro-Poster-DLDD-Joao-Paulo-Magalhaes-280x432.jpg\" class=\"movie-img\" alt=\"\" \/>\n                <span class=\"movie-content\">\n          <span class=\"title\">Do Lado de Dentro<\/span>\n                      <span class=\"direction on-hover\">Dire\u00e7\u00e3o: Marina Hilbert<\/span>\n                                          <span class=\"country on-hover\">CE<\/span>\n                                <span class=\"read-more btn-link on-hover uppercase\">\n              Saiba mais <i class=\"icon-arrow-right\"><\/i><\/span>\n                  <\/span>\n      <\/a>\n    <\/div>\n        <div class=\"movie-item  \">\n      <a href=\"https:\/\/cineop.com.br\/2025\/filme\/memoria-enterrada\/\">\n        <img loading=\"lazy\" decoding=\"async\" width=\"280\" height=\"432\" src=\"https:\/\/universoproducao.nyc3.digitaloceanspaces.com\/cineop2025\/2025\/05\/Memoria-Enterrada-poster-342x507-Amanda-Santos-da-Silva-280x432.jpg\" class=\"movie-img\" alt=\"\" \/>\n                <span class=\"movie-content\">\n          <span class=\"title\">Mem\u00f3ria Enterrada<\/span>\n                      <span class=\"direction on-hover\">Dire\u00e7\u00e3o: Amanda Santos<\/span>\n                                          <span class=\"country on-hover\">SP<\/span>\n                                <span class=\"read-more btn-link on-hover uppercase\">\n              Saiba mais <i class=\"icon-arrow-right\"><\/i><\/span>\n                  <\/span>\n      <\/a>\n    <\/div>\n        <div class=\"movie-item  \">\n      <a href=\"https:\/\/cineop.com.br\/2025\/filme\/pelicula\/\">\n        <img loading=\"lazy\" decoding=\"async\" width=\"280\" height=\"432\" src=\"https:\/\/universoproducao.nyc3.digitaloceanspaces.com\/cineop2025\/2025\/05\/Pelicula-Poster2_Prancheta-1-Sofia-Leao-280x432.png\" class=\"movie-img\" alt=\"\" \/>\n                <span class=\"movie-content\">\n          <span class=\"title\">Pel\u00edcula<\/span>\n                      <span class=\"direction on-hover\">Dire\u00e7\u00e3o: Brenda Barbosa, Sofia Le\u00e3o<\/span>\n                                          <span class=\"country on-hover\">RJ<\/span>\n                                <span class=\"read-more btn-link on-hover uppercase\">\n              Saiba mais <i class=\"icon-arrow-right\"><\/i><\/span>\n                  <\/span>\n      <\/a>\n    <\/div>\n                <\/div>\n          <\/div>\n                  <\/div>\n      <\/div>\n    <\/div>\n              <\/div>\n    ","protected":false},"excerpt":{"rendered":"<p>A MEM\u00d3RIA E O OLHAR PARA A HIST\u00d3RIA NOS CURTAS DE FORMA\u00c7\u00c3O Nas edi\u00e7\u00f5es da CineOP, as tradicionais sess\u00f5es da TV UFOP englobam curtas-metragens realizados dentro de universidades ou institui\u00e7\u00f5es [&hellip;]<\/p>\n","protected":false},"author":1,"featured_media":0,"parent":275,"menu_order":0,"comment_status":"closed","ping_status":"closed","template":"","meta":{"footnotes":""},"class_list":["post-309","page","type-page","status-publish","hentry"],"acf":[],"_links":{"self":[{"href":"https:\/\/cineop.com.br\/2025\/wp-json\/wp\/v2\/pages\/309","targetHints":{"allow":["GET"]}}],"collection":[{"href":"https:\/\/cineop.com.br\/2025\/wp-json\/wp\/v2\/pages"}],"about":[{"href":"https:\/\/cineop.com.br\/2025\/wp-json\/wp\/v2\/types\/page"}],"author":[{"embeddable":true,"href":"https:\/\/cineop.com.br\/2025\/wp-json\/wp\/v2\/users\/1"}],"replies":[{"embeddable":true,"href":"https:\/\/cineop.com.br\/2025\/wp-json\/wp\/v2\/comments?post=309"}],"version-history":[{"count":5,"href":"https:\/\/cineop.com.br\/2025\/wp-json\/wp\/v2\/pages\/309\/revisions"}],"predecessor-version":[{"id":2394,"href":"https:\/\/cineop.com.br\/2025\/wp-json\/wp\/v2\/pages\/309\/revisions\/2394"}],"up":[{"embeddable":true,"href":"https:\/\/cineop.com.br\/2025\/wp-json\/wp\/v2\/pages\/275"}],"wp:attachment":[{"href":"https:\/\/cineop.com.br\/2025\/wp-json\/wp\/v2\/media?parent=309"}],"curies":[{"name":"wp","href":"https:\/\/api.w.org\/{rel}","templated":true}]}}