{"id":311,"date":"2025-05-13T16:15:04","date_gmt":"2025-05-13T19:15:04","guid":{"rendered":"http:\/\/167.172.252.128\/?page_id=311"},"modified":"2025-06-13T20:22:53","modified_gmt":"2025-06-13T23:22:53","slug":"ic-play","status":"publish","type":"page","link":"https:\/\/cineop.com.br\/2025\/filmes\/ic-play\/","title":{"rendered":"Mostra IC Play"},"content":{"rendered":"\n<p><strong>At\u00e9 27 de junho a 13 de julho, um recorte especial da 20\u00aa CineOP &#8211; Mostra de Cinema de Ouro Preto est\u00e1 dispon\u00edvel na plataforma&nbsp;<em><a href=\"https:\/\/www.itauculturalplay.com.br\/\">Ita\u00fa Cultural Play<\/a>.<\/em><\/strong><\/p>\n\n\n\n<div style=\"height:53px\" aria-hidden=\"true\" class=\"wp-block-spacer\"><\/div>\n\n\n\n<div class=\"wp-block-buttons is-layout-flex wp-block-buttons-is-layout-flex\">\n<div class=\"wp-block-button has-custom-width wp-block-button__width-100\"><a class=\"wp-block-button__link wp-element-button\" href=\"https:\/\/www.itauculturalplay.com.br\/\">ACESSE!<\/a><\/div>\n<\/div>\n\n\n\n<div style=\"height:61px\" aria-hidden=\"true\" class=\"wp-block-spacer\"><\/div>\n\n\n\n<p><strong><strong>ALINHAVAR O FIO DA MEM\u00d3RIA<\/strong><\/strong><\/p>\n\n\n\n<p>&nbsp;A programa\u00e7\u00e3o da plataforma Ita\u00fa Cultural Play apresenta um recorte dos curtas-metragens da Mostra Contempor\u00e2nea e da Mostra Hist\u00f3rica, selecionados para a 20\u00aa edi\u00e7\u00e3o da CineOP.<\/p>\n\n\n\n<p>A Mostra Hist\u00f3rica desta edi\u00e7\u00e3o prop\u00f5e uma incurs\u00e3o no Humor das Mulheres no Cinema Brasileiro. Com uma programa\u00e7\u00e3o enxuta, mas expressivamente heterog\u00eanea, buscou-se escancarar as diversas formas de se elaborar o riso feminino, \u00e0 frente e atr\u00e1s das c\u00e2meras. Priorizando filmes dirigidos e protagonizados por mulheres, a Mostra n\u00e3o almeja delimitar no\u00e7\u00f5es muito r\u00edgidas do c\u00f4mico, nem essencializar perspectivas autorais. Afinal, humor implica alguma dose de descontrole: para encontrar gra\u00e7a, \u00e9 preciso subverter pr\u00e1ticas curatoriais.<\/p>\n\n\n\n<p>O contraste e a disson\u00e2ncia s\u00e3o bem-vindos, como percebemos pela discrep\u00e2ncia entre os dois curtas que integrar\u00e3o o cat\u00e1logo da plataforma. <em>A Origem dos Beb\u00eas segundo Kiki Cavalcanti<\/em> (1995) \u00e9 uma com\u00e9dia do acidente e do absurdo de Anna Muylaert, representativa de outros filmes produzidos nas d\u00e9cadas de 1980 e 1990 por uma certa gera\u00e7\u00e3o de realizadoras. J\u00e1 o teatral <em>Alfazema<\/em> (2019), de Sabrina Fidalgo, opera numa chave mais sutil, integrando um corpo f\u00edlmico contempor\u00e2neo que, nas margens de um cinema de humor comercial, pensa, debochadamente, sobre o pr\u00f3prio ato de filmar e representar.<\/p>\n\n\n\n<p>A curadoria de curtas da Mostra Contempor\u00e2nea prop\u00f5e um panorama de filmes que fazem uso das imagens de arquivo e experimentam procedimentos formais diversos em torno da mem\u00f3ria e do passado.<\/p>\n\n\n\n<p>O document\u00e1rio paraibano <em>A Nave que Nunca Pousa<\/em>, dirigido por Ellen Morais, flerta com a fic\u00e7\u00e3o cient\u00edfica ao observar o cotidiano de uma comunidade quilombola no Sert\u00e3o da Para\u00edba que convive com a instala\u00e7\u00e3o de usinas e\u00f3licas. <em>Afluente<\/em> surgiu da pesquisa de doutorado do realizador Fred Benevides, na Escola de Belas Artes da Universidade Federal do Rio de Janeiro (UFRJ). Montado com diferentes materiais, como fotos, cinejornais em pel\u00edcula, registros contempor\u00e2neos em 16mm, Super-8 e em formatos digitais, o curta reinterpreta o processo de eletrifica\u00e7\u00e3o das \u00e1guas do Rio S\u00e3o Francisco, a partir de um olhar cr\u00edtico para o arquivo f\u00edlmico dispon\u00edvel sobre o assunto.<\/p>\n\n\n\n<p>Os planos fixos que revelam diferentes espa\u00e7os de uma escola abandonada no interior de Santa Catarina costuram o document\u00e1rio <em>O que Fica<\/em>, com dire\u00e7\u00e3o da dupla Daniel Edu Mayer e Fabiane Bardemaker Batista. Do Cear\u00e1, os realizadores Samuel Brasileiro e Nat\u00e1lia Maia dirigem o document\u00e1rio <em>Fortaleza Liberta<\/em>, que investiga a hist\u00f3ria do quadro hom\u00f4nimo, guardado no Museu do Cear\u00e1, em Fortaleza, e de suas controversas leituras da representa\u00e7\u00e3o do dia da aboli\u00e7\u00e3o da escravatura em 1883.<\/p>\n\n\n\n<p>&nbsp;Dirigido por Thais Helena Leite, o document\u00e1rio capixaba <em>Su\u00e1, a Praia que Sumiu<\/em> desconstr\u00f3i a narrativa oficial de exalta\u00e7\u00e3o do progresso em torno do aterramento de uma praia, em Vit\u00f3ria, nos anos 1970, com forte presen\u00e7a de pescadores guardi\u00f5es de manifesta\u00e7\u00f5es culturais tradicionais. Imagens raras de Lu\u00eds Carlos Prestes e sua elei\u00e7\u00e3o como senador pelo Partido Comunista Brasileiro (PCB) comp\u00f5em <em>Um Breve Respiro Democr\u00e1tico<\/em>, dirigido por Rafael de Luna Freire, com restauro do Laborat\u00f3rio Universit\u00e1rio de Preserva\u00e7\u00e3o Audiovisual (Lupa) da Universidade Federal Fluminense (UFF).<\/p>\n\n\n\n<p class=\"has-text-align-right\"><strong>Cleber Eduardo, Juliana Gusman<\/strong><br>Curadores Mostra Hist\u00f3rica<\/p>\n\n\n\n<p class=\"has-text-align-right\"><strong>Camila Vieira<\/strong><br>Curadora de curtas Mostra Contempor\u00e2nea<\/p>\n\n\n\n<div style=\"height:72px\" aria-hidden=\"true\" class=\"wp-block-spacer\"><\/div>\n\n\n\n    <div id=\"movie-block_684cb2861408e\" class=\"movie-block\">\n                  <div data-slides-per-view=\"4\" id=\"block_684cb2861408e\" class=\"movie expanded movie-block movie-list\">\n            <div class=\"container container-1216 flex-col\">\n        <div class=\"\">\n                    <div class=\" movie-items\">\n            <div class=\"movie-items-wrapper\">\n                  <div class=\"movie-item  \">\n      <a href=\"https:\/\/cineop.com.br\/2025\/filme\/alfazema\/\">\n        <img loading=\"lazy\" decoding=\"async\" width=\"280\" height=\"432\" src=\"https:\/\/universoproducao.nyc3.digitaloceanspaces.com\/cineop2025\/2025\/05\/Alfazema-IMG_1545-Sabrina-Fidalgo-280x432.jpg\" class=\"movie-img\" alt=\"\" \/>\n                <span class=\"movie-content\">\n          <span class=\"title\">Alfazema<\/span>\n                      <span class=\"direction on-hover\">Dire\u00e7\u00e3o: Sabrina Fidalgo<\/span>\n                                          <span class=\"country on-hover\">RJ<\/span>\n                                <span class=\"read-more btn-link on-hover uppercase\">\n              Saiba mais <i class=\"icon-arrow-right\"><\/i><\/span>\n                  <\/span>\n      <\/a>\n    <\/div>\n        <div class=\"movie-item  \">\n      <a href=\"https:\/\/cineop.com.br\/2025\/filme\/a-origem-dos-bebes-segundo-kiki-cavalcanti\/\">\n        <img loading=\"lazy\" decoding=\"async\" width=\"280\" height=\"432\" src=\"https:\/\/universoproducao.nyc3.digitaloceanspaces.com\/cineop2025\/2025\/05\/a-origem-poster.jpg\" class=\"movie-img\" alt=\"\" srcset=\"https:\/\/universoproducao.nyc3.digitaloceanspaces.com\/cineop2025\/2025\/05\/a-origem-poster.jpg 280w, https:\/\/universoproducao.nyc3.digitaloceanspaces.com\/cineop2025\/2025\/05\/a-origem-poster-194x300.jpg 194w\" sizes=\"auto, (max-width: 280px) 100vw, 280px\" \/>\n                <span class=\"movie-content\">\n          <span class=\"title\">A origem dos beb\u00eas segundo Kiki Cavalcanti<\/span>\n                      <span class=\"direction on-hover\">Dire\u00e7\u00e3o: Anna Muylaert<\/span>\n                                          <span class=\"country on-hover\">SP<\/span>\n                                <span class=\"read-more btn-link on-hover uppercase\">\n              Saiba mais <i class=\"icon-arrow-right\"><\/i><\/span>\n                  <\/span>\n      <\/a>\n    <\/div>\n        <div class=\"movie-item  \">\n      <a href=\"https:\/\/cineop.com.br\/2025\/filme\/o-que-fica\/\">\n        <img loading=\"lazy\" decoding=\"async\" width=\"280\" height=\"432\" src=\"https:\/\/universoproducao.nyc3.digitaloceanspaces.com\/cineop2025\/2025\/05\/O-Que-Fica-cartaz1-Daniel-Mayer-280x432.jpg\" class=\"movie-img\" alt=\"\" srcset=\"https:\/\/universoproducao.nyc3.digitaloceanspaces.com\/cineop2025\/2025\/05\/O-Que-Fica-cartaz1-Daniel-Mayer-280x432.jpg 280w, https:\/\/universoproducao.nyc3.digitaloceanspaces.com\/cineop2025\/2025\/05\/O-Que-Fica-cartaz1-Daniel-Mayer-195x300.jpg 195w, https:\/\/universoproducao.nyc3.digitaloceanspaces.com\/cineop2025\/2025\/05\/O-Que-Fica-cartaz1-Daniel-Mayer-666x1024.jpg 666w, https:\/\/universoproducao.nyc3.digitaloceanspaces.com\/cineop2025\/2025\/05\/O-Que-Fica-cartaz1-Daniel-Mayer-768x1181.jpg 768w, https:\/\/universoproducao.nyc3.digitaloceanspaces.com\/cineop2025\/2025\/05\/O-Que-Fica-cartaz1-Daniel-Mayer-998x1536.jpg 998w, https:\/\/universoproducao.nyc3.digitaloceanspaces.com\/cineop2025\/2025\/05\/O-Que-Fica-cartaz1-Daniel-Mayer.jpg 1055w\" sizes=\"auto, (max-width: 280px) 100vw, 280px\" \/>\n                <span class=\"movie-content\">\n          <span class=\"title\">O Que Fica<\/span>\n                      <span class=\"direction on-hover\">Dire\u00e7\u00e3o: Daniel Edu Mayer, Fabiane Bardemaker<\/span>\n                                          <span class=\"country on-hover\">SC<\/span>\n                                <span class=\"read-more btn-link on-hover uppercase\">\n              Saiba mais <i class=\"icon-arrow-right\"><\/i><\/span>\n                  <\/span>\n      <\/a>\n    <\/div>\n        <div class=\"movie-item  \">\n      <a href=\"https:\/\/cineop.com.br\/2025\/filme\/afluente\/\">\n        <img loading=\"lazy\" decoding=\"async\" width=\"280\" height=\"432\" src=\"https:\/\/universoproducao.nyc3.digitaloceanspaces.com\/cineop2025\/2025\/06\/Afluente-Ludica-Producoes-280x432.jpg\" class=\"movie-img\" alt=\"\" \/>\n                <span class=\"movie-content\">\n          <span class=\"title\">Afluente<\/span>\n                      <span class=\"direction on-hover\">Dire\u00e7\u00e3o: Frederico Benevides<\/span>\n                                          <span class=\"country on-hover\">CE\/RJ<\/span>\n                                <span class=\"read-more btn-link on-hover uppercase\">\n              Saiba mais <i class=\"icon-arrow-right\"><\/i><\/span>\n                  <\/span>\n      <\/a>\n    <\/div>\n        <div class=\"movie-item  \">\n      <a href=\"https:\/\/cineop.com.br\/2025\/filme\/sua-a-praia-que-sumiu\/\">\n        <img loading=\"lazy\" decoding=\"async\" width=\"280\" height=\"432\" src=\"https:\/\/universoproducao.nyc3.digitaloceanspaces.com\/cineop2025\/2025\/05\/Sua-A-Praia-Que-Sumiu-300-DPI-Thais-Helena-Leite.jpg\" class=\"movie-img\" alt=\"\" srcset=\"https:\/\/universoproducao.nyc3.digitaloceanspaces.com\/cineop2025\/2025\/05\/Sua-A-Praia-Que-Sumiu-300-DPI-Thais-Helena-Leite.jpg 280w, https:\/\/universoproducao.nyc3.digitaloceanspaces.com\/cineop2025\/2025\/05\/Sua-A-Praia-Que-Sumiu-300-DPI-Thais-Helena-Leite-194x300.jpg 194w\" sizes=\"auto, (max-width: 280px) 100vw, 280px\" \/>\n                <span class=\"movie-content\">\n          <span class=\"title\">SU\u00c1, A PRAIA QUE SUMIU<\/span>\n                      <span class=\"direction on-hover\">Dire\u00e7\u00e3o: Thais Helena Leite<\/span>\n                                          <span class=\"country on-hover\">ES<\/span>\n                                <span class=\"read-more btn-link on-hover uppercase\">\n              Saiba mais <i class=\"icon-arrow-right\"><\/i><\/span>\n                  <\/span>\n      <\/a>\n    <\/div>\n        <div class=\"movie-item  \">\n      <a href=\"https:\/\/cineop.com.br\/2025\/filme\/fortaleza-liberta\/\">\n        <img loading=\"lazy\" decoding=\"async\" width=\"280\" height=\"432\" src=\"https:\/\/universoproducao.nyc3.digitaloceanspaces.com\/cineop2025\/2025\/05\/Fortaleza-Liberta-Still_Vertical-Samuel-Brasileiro.jpg\" class=\"movie-img\" alt=\"\" srcset=\"https:\/\/universoproducao.nyc3.digitaloceanspaces.com\/cineop2025\/2025\/05\/Fortaleza-Liberta-Still_Vertical-Samuel-Brasileiro.jpg 280w, https:\/\/universoproducao.nyc3.digitaloceanspaces.com\/cineop2025\/2025\/05\/Fortaleza-Liberta-Still_Vertical-Samuel-Brasileiro-194x300.jpg 194w\" sizes=\"auto, (max-width: 280px) 100vw, 280px\" \/>\n                <span class=\"movie-content\">\n          <span class=\"title\">Fortaleza Liberta<\/span>\n                      <span class=\"direction on-hover\">Dire\u00e7\u00e3o: Samuel Brasileiro, Nat\u00e1lia Maia<\/span>\n                                          <span class=\"country on-hover\">CE<\/span>\n                                <span class=\"read-more btn-link on-hover uppercase\">\n              Saiba mais <i class=\"icon-arrow-right\"><\/i><\/span>\n                  <\/span>\n      <\/a>\n    <\/div>\n        <div class=\"movie-item  \">\n      <a href=\"https:\/\/cineop.com.br\/2025\/filme\/a-nave-que-nunca-pousa\/\">\n        <img loading=\"lazy\" decoding=\"async\" width=\"280\" height=\"432\" src=\"https:\/\/universoproducao.nyc3.digitaloceanspaces.com\/cineop2025\/2025\/05\/A-nave-nunca-pousa.jpg\" class=\"movie-img\" alt=\"\" srcset=\"https:\/\/universoproducao.nyc3.digitaloceanspaces.com\/cineop2025\/2025\/05\/A-nave-nunca-pousa.jpg 280w, https:\/\/universoproducao.nyc3.digitaloceanspaces.com\/cineop2025\/2025\/05\/A-nave-nunca-pousa-194x300.jpg 194w\" sizes=\"auto, (max-width: 280px) 100vw, 280px\" \/>\n                <span class=\"movie-content\">\n          <span class=\"title\">A Nave Que Nunca Pousa<\/span>\n                      <span class=\"direction on-hover\">Dire\u00e7\u00e3o: Ellen Morais<\/span>\n                                          <span class=\"country on-hover\">PB<\/span>\n                                <span class=\"read-more btn-link on-hover uppercase\">\n              Saiba mais <i class=\"icon-arrow-right\"><\/i><\/span>\n                  <\/span>\n      <\/a>\n    <\/div>\n        <div class=\"movie-item  \">\n      <a href=\"https:\/\/cineop.com.br\/2025\/filme\/um-breve-respiro-democratico\/\">\n        <img loading=\"lazy\" decoding=\"async\" width=\"280\" height=\"432\" src=\"https:\/\/universoproducao.nyc3.digitaloceanspaces.com\/cineop2025\/2025\/05\/Um-Breve-Respiro-Democratico-prestes-Rafael-de-Luna-Freire-1.jpg\" class=\"movie-img\" alt=\"\" srcset=\"https:\/\/universoproducao.nyc3.digitaloceanspaces.com\/cineop2025\/2025\/05\/Um-Breve-Respiro-Democratico-prestes-Rafael-de-Luna-Freire-1.jpg 280w, https:\/\/universoproducao.nyc3.digitaloceanspaces.com\/cineop2025\/2025\/05\/Um-Breve-Respiro-Democratico-prestes-Rafael-de-Luna-Freire-1-194x300.jpg 194w\" sizes=\"auto, (max-width: 280px) 100vw, 280px\" \/>\n                <span class=\"movie-content\">\n          <span class=\"title\">Um breve respiro democr\u00e1tico<\/span>\n                      <span class=\"direction on-hover\">Dire\u00e7\u00e3o: Rafael de Luna Freire<\/span>\n                                          <span class=\"country on-hover\">RJ<\/span>\n                                <span class=\"read-more btn-link on-hover uppercase\">\n              Saiba mais <i class=\"icon-arrow-right\"><\/i><\/span>\n                  <\/span>\n      <\/a>\n    <\/div>\n                <\/div>\n          <\/div>\n                  <\/div>\n      <\/div>\n    <\/div>\n              <\/div>\n    ","protected":false},"excerpt":{"rendered":"<p>At\u00e9 27 de junho a 13 de julho, um recorte especial da 20\u00aa CineOP &#8211; Mostra de Cinema de Ouro Preto est\u00e1 dispon\u00edvel na plataforma&nbsp;Ita\u00fa Cultural Play. ALINHAVAR O FIO [&hellip;]<\/p>\n","protected":false},"author":1,"featured_media":0,"parent":275,"menu_order":0,"comment_status":"closed","ping_status":"closed","template":"","meta":{"footnotes":""},"class_list":["post-311","page","type-page","status-publish","hentry"],"acf":[],"_links":{"self":[{"href":"https:\/\/cineop.com.br\/2025\/wp-json\/wp\/v2\/pages\/311","targetHints":{"allow":["GET"]}}],"collection":[{"href":"https:\/\/cineop.com.br\/2025\/wp-json\/wp\/v2\/pages"}],"about":[{"href":"https:\/\/cineop.com.br\/2025\/wp-json\/wp\/v2\/types\/page"}],"author":[{"embeddable":true,"href":"https:\/\/cineop.com.br\/2025\/wp-json\/wp\/v2\/users\/1"}],"replies":[{"embeddable":true,"href":"https:\/\/cineop.com.br\/2025\/wp-json\/wp\/v2\/comments?post=311"}],"version-history":[{"count":4,"href":"https:\/\/cineop.com.br\/2025\/wp-json\/wp\/v2\/pages\/311\/revisions"}],"predecessor-version":[{"id":2032,"href":"https:\/\/cineop.com.br\/2025\/wp-json\/wp\/v2\/pages\/311\/revisions\/2032"}],"up":[{"embeddable":true,"href":"https:\/\/cineop.com.br\/2025\/wp-json\/wp\/v2\/pages\/275"}],"wp:attachment":[{"href":"https:\/\/cineop.com.br\/2025\/wp-json\/wp\/v2\/media?parent=311"}],"curies":[{"name":"wp","href":"https:\/\/api.w.org\/{rel}","templated":true}]}}