{"id":315,"date":"2025-05-13T16:15:52","date_gmt":"2025-05-13T19:15:52","guid":{"rendered":"http:\/\/167.172.252.128\/?page_id=315"},"modified":"2025-06-04T19:16:52","modified_gmt":"2025-06-04T22:16:52","slug":"mostra-historica","status":"publish","type":"page","link":"https:\/\/cineop.com.br\/2025\/filmes\/mostra-historica\/","title":{"rendered":"Mostra Hist\u00f3rica"},"content":{"rendered":"\n    <div id=\"movie-block_6840c5c62a149\" class=\"movie-block\">\n                  <div data-slides-per-view=\"4\" id=\"block_6840c5c62a149\" class=\"movie expanded movie-block movie-list\">\n            <div class=\"container container-1216 flex-col\">\n        <div class=\"\">\n                    <div class=\" movie-items\">\n            <div class=\"movie-items-wrapper\">\n                  <div class=\"movie-item  \">\n      <a href=\"https:\/\/cineop.com.br\/2025\/filme\/a-ma-criada\/\">\n        <img loading=\"lazy\" decoding=\"async\" width=\"280\" height=\"432\" src=\"https:\/\/universoproducao.nyc3.digitaloceanspaces.com\/cineop2025\/2025\/05\/A-Ma-Criada-IMG_20250519_012642638_HDR-Subg-San-fig-280x432.jpg\" class=\"movie-img\" alt=\"\" \/>\n                <span class=\"movie-content\">\n          <span class=\"title\">A M\u00e1 Criada<\/span>\n                      <span class=\"direction on-hover\">Dire\u00e7\u00e3o: Sung Sfai <\/span>\n                                          <span class=\"country on-hover\">SP<\/span>\n                                <span class=\"read-more btn-link on-hover uppercase\">\n              Saiba mais <i class=\"icon-arrow-right\"><\/i><\/span>\n                  <\/span>\n      <\/a>\n    <\/div>\n        <div class=\"movie-item  \">\n      <a href=\"https:\/\/cineop.com.br\/2025\/filme\/a-mulher-fatal-encontra-o-homem-ideal\/\">\n        <img loading=\"lazy\" decoding=\"async\" width=\"280\" height=\"432\" src=\"https:\/\/universoproducao.nyc3.digitaloceanspaces.com\/cineop2025\/2025\/06\/a-mulher-fatal_redimensionado-2.png\" class=\"movie-img\" alt=\"\" srcset=\"https:\/\/universoproducao.nyc3.digitaloceanspaces.com\/cineop2025\/2025\/06\/a-mulher-fatal_redimensionado-2.png 280w, https:\/\/universoproducao.nyc3.digitaloceanspaces.com\/cineop2025\/2025\/06\/a-mulher-fatal_redimensionado-2-194x300.png 194w\" sizes=\"auto, (max-width: 280px) 100vw, 280px\" \/>\n                <span class=\"movie-content\">\n          <span class=\"title\">A Mulher Fatal Encontra o Homem Ideal<\/span>\n                      <span class=\"direction on-hover\">Dire\u00e7\u00e3o: Carla Camurati<\/span>\n                                          <span class=\"country on-hover\">RJ<\/span>\n                                <span class=\"read-more btn-link on-hover uppercase\">\n              Saiba mais <i class=\"icon-arrow-right\"><\/i><\/span>\n                  <\/span>\n      <\/a>\n    <\/div>\n        <div class=\"movie-item  \">\n      <a href=\"https:\/\/cineop.com.br\/2025\/filme\/a-origem-dos-bebes-segundo-kiki-cavalcanti\/\">\n        <img loading=\"lazy\" decoding=\"async\" width=\"280\" height=\"432\" src=\"https:\/\/universoproducao.nyc3.digitaloceanspaces.com\/cineop2025\/2025\/05\/a-origem-poster.jpg\" class=\"movie-img\" alt=\"\" srcset=\"https:\/\/universoproducao.nyc3.digitaloceanspaces.com\/cineop2025\/2025\/05\/a-origem-poster.jpg 280w, https:\/\/universoproducao.nyc3.digitaloceanspaces.com\/cineop2025\/2025\/05\/a-origem-poster-194x300.jpg 194w\" sizes=\"auto, (max-width: 280px) 100vw, 280px\" \/>\n                <span class=\"movie-content\">\n          <span class=\"title\">A origem dos beb\u00eas segundo Kiki Cavalcanti<\/span>\n                      <span class=\"direction on-hover\">Dire\u00e7\u00e3o: Anna Muylaert<\/span>\n                                          <span class=\"country on-hover\">SP<\/span>\n                                <span class=\"read-more btn-link on-hover uppercase\">\n              Saiba mais <i class=\"icon-arrow-right\"><\/i><\/span>\n                  <\/span>\n      <\/a>\n    <\/div>\n        <div class=\"movie-item  \">\n      <a href=\"https:\/\/cineop.com.br\/2025\/filme\/alfazema\/\">\n        <img loading=\"lazy\" decoding=\"async\" width=\"280\" height=\"432\" src=\"https:\/\/universoproducao.nyc3.digitaloceanspaces.com\/cineop2025\/2025\/05\/Alfazema-IMG_1545-Sabrina-Fidalgo-280x432.jpg\" class=\"movie-img\" alt=\"\" \/>\n                <span class=\"movie-content\">\n          <span class=\"title\">Alfazema<\/span>\n                      <span class=\"direction on-hover\">Dire\u00e7\u00e3o: Sabrina Fidalgo<\/span>\n                                          <span class=\"country on-hover\">RJ<\/span>\n                                <span class=\"read-more btn-link on-hover uppercase\">\n              Saiba mais <i class=\"icon-arrow-right\"><\/i><\/span>\n                  <\/span>\n      <\/a>\n    <\/div>\n        <div class=\"movie-item  \">\n      <a href=\"https:\/\/cineop.com.br\/2025\/filme\/celia-rosita\/\">\n        <img loading=\"lazy\" decoding=\"async\" width=\"280\" height=\"432\" src=\"https:\/\/universoproducao.nyc3.digitaloceanspaces.com\/cineop2025\/2025\/06\/Celia-e-Rosita_foto-cortada-280x432.jpg\" class=\"movie-img\" alt=\"\" \/>\n                <span class=\"movie-content\">\n          <span class=\"title\">C\u00e9lia &#038; Rosita<\/span>\n                      <span class=\"direction on-hover\">Dire\u00e7\u00e3o: Gisella de Mello<\/span>\n                                          <span class=\"country on-hover\">RJ<\/span>\n                                <span class=\"read-more btn-link on-hover uppercase\">\n              Saiba mais <i class=\"icon-arrow-right\"><\/i><\/span>\n                  <\/span>\n      <\/a>\n    <\/div>\n        <div class=\"movie-item  \">\n      <a href=\"https:\/\/cineop.com.br\/2025\/filme\/das-tripas-coracao\/\">\n        <img loading=\"lazy\" decoding=\"async\" width=\"280\" height=\"432\" src=\"https:\/\/universoproducao.nyc3.digitaloceanspaces.com\/cineop2025\/2025\/06\/Cartaz-Das-Tripas-Coracao-1-Andre-Lima-280x432.jpg\" class=\"movie-img\" alt=\"\" \/>\n                <span class=\"movie-content\">\n          <span class=\"title\">Das Tripas Cora\u00e7\u00e3o<\/span>\n                      <span class=\"direction on-hover\">Dire\u00e7\u00e3o: Ana Carolina<\/span>\n                                          <span class=\"country on-hover\">RJ<\/span>\n                                <span class=\"read-more btn-link on-hover uppercase\">\n              Saiba mais <i class=\"icon-arrow-right\"><\/i><\/span>\n                  <\/span>\n      <\/a>\n    <\/div>\n        <div class=\"movie-item  \">\n      <a href=\"https:\/\/cineop.com.br\/2025\/filme\/de-perto-ela-nao-e-normal\/\">\n        <img loading=\"lazy\" decoding=\"async\" width=\"280\" height=\"432\" src=\"https:\/\/universoproducao.nyc3.digitaloceanspaces.com\/cineop2025\/2025\/06\/DE-PERTO-ELA-NAO-E-NORMAL_cartaz-1-280x432.jpg\" class=\"movie-img\" alt=\"\" \/>\n                <span class=\"movie-content\">\n          <span class=\"title\">DE PERTO ELA N\u00c3O \u00c9 NORMAL<\/span>\n                      <span class=\"direction on-hover\">Dire\u00e7\u00e3o: Cininha de Paula<\/span>\n                                          <span class=\"country on-hover\">RJ<\/span>\n                                <span class=\"read-more btn-link on-hover uppercase\">\n              Saiba mais <i class=\"icon-arrow-right\"><\/i><\/span>\n                  <\/span>\n      <\/a>\n    <\/div>\n        <div class=\"movie-item  \">\n      <a href=\"https:\/\/cineop.com.br\/2025\/filme\/demonia-melodrama-em-3-atos\/\">\n        <img loading=\"lazy\" decoding=\"async\" width=\"280\" height=\"432\" src=\"https:\/\/universoproducao.nyc3.digitaloceanspaces.com\/cineop2025\/2025\/06\/DEMONIA_5E4FCAA3-6B57-4ECC-A72D-C1D9181E4CF6-Fernanda-Chicolet-280x432.jpeg\" class=\"movie-img\" alt=\"\" \/>\n                <span class=\"movie-content\">\n          <span class=\"title\">Dem\u00f4nia &#8211; Melodrama em 3 Atos<\/span>\n                      <span class=\"direction on-hover\">Dire\u00e7\u00e3o: Cainan Baladez e Fernanda Chicolet<\/span>\n                                          <span class=\"country on-hover\">SP<\/span>\n                                <span class=\"read-more btn-link on-hover uppercase\">\n              Saiba mais <i class=\"icon-arrow-right\"><\/i><\/span>\n                  <\/span>\n      <\/a>\n    <\/div>\n        <div class=\"movie-item  \">\n      <a href=\"https:\/\/cineop.com.br\/2025\/filme\/doces-poderes\/\">\n        <img loading=\"lazy\" decoding=\"async\" width=\"280\" height=\"430\" src=\"https:\/\/universoproducao.nyc3.digitaloceanspaces.com\/cineop2025\/2025\/05\/Doces-Poderes-cartaz-taiga-filmes-280x430.jpg\" class=\"movie-img\" alt=\"\" \/>\n                <span class=\"movie-content\">\n          <span class=\"title\">DOCES PODERES<\/span>\n                      <span class=\"direction on-hover\">Dire\u00e7\u00e3o: Lucia Murat <\/span>\n                                          <span class=\"country on-hover\">RJ<\/span>\n                                <span class=\"read-more btn-link on-hover uppercase\">\n              Saiba mais <i class=\"icon-arrow-right\"><\/i><\/span>\n                  <\/span>\n      <\/a>\n    <\/div>\n        <div class=\"movie-item  \">\n      <a href=\"https:\/\/cineop.com.br\/2025\/filme\/escasso\/\">\n        <img loading=\"lazy\" decoding=\"async\" width=\"280\" height=\"432\" src=\"https:\/\/universoproducao.nyc3.digitaloceanspaces.com\/cineop2025\/2025\/05\/Escasso-laureas2024_v3-CLARA-ANASTACIA-280x432.jpg\" class=\"movie-img\" alt=\"\" \/>\n                <span class=\"movie-content\">\n          <span class=\"title\">Escasso<\/span>\n                      <span class=\"direction on-hover\">Dire\u00e7\u00e3o: Clara Anast\u00e1cia, Gabriela Gaia Meirelles<\/span>\n                                          <span class=\"country on-hover\">RJ<\/span>\n                                <span class=\"read-more btn-link on-hover uppercase\">\n              Saiba mais <i class=\"icon-arrow-right\"><\/i><\/span>\n                  <\/span>\n      <\/a>\n    <\/div>\n        <div class=\"movie-item  \">\n      <a href=\"https:\/\/cineop.com.br\/2025\/filme\/esconde-esconde\/\">\n        <img loading=\"lazy\" decoding=\"async\" width=\"280\" height=\"432\" src=\"https:\/\/universoproducao.nyc3.digitaloceanspaces.com\/cineop2025\/2025\/05\/Esconde-Esconde-Captura-de-Tela-2025-05-15-as-16.58.56-Eliana-Fonseca-280x432.jpg\" class=\"movie-img\" alt=\"\" \/>\n                <span class=\"movie-content\">\n          <span class=\"title\">ESCONDE-ESCONDE<\/span>\n                      <span class=\"direction on-hover\">Dire\u00e7\u00e3o: ELIANA FONSECA<\/span>\n                                          <span class=\"country on-hover\">SP<\/span>\n                                <span class=\"read-more btn-link on-hover uppercase\">\n              Saiba mais <i class=\"icon-arrow-right\"><\/i><\/span>\n                  <\/span>\n      <\/a>\n    <\/div>\n        <div class=\"movie-item  \">\n      <a href=\"https:\/\/cineop.com.br\/2025\/filme\/la-e-ca\/\">\n        <img loading=\"lazy\" decoding=\"async\" width=\"280\" height=\"432\" src=\"https:\/\/universoproducao.nyc3.digitaloceanspaces.com\/cineop2025\/2025\/06\/Regina-Case-em-La-e-Ca-2-Sandra-Kogut-1-1-280x432.jpg\" class=\"movie-img\" alt=\"\" \/>\n                <span class=\"movie-content\">\n          <span class=\"title\">L\u00e1 e C\u00e1<\/span>\n                      <span class=\"direction on-hover\">Dire\u00e7\u00e3o: Sandra Kogut<\/span>\n                                          <span class=\"country on-hover\">RJ<\/span>\n                                <span class=\"read-more btn-link on-hover uppercase\">\n              Saiba mais <i class=\"icon-arrow-right\"><\/i><\/span>\n                  <\/span>\n      <\/a>\n    <\/div>\n        <div class=\"movie-item  \">\n      <a href=\"https:\/\/cineop.com.br\/2025\/filme\/linda-de-morrer\/\">\n        <img loading=\"lazy\" decoding=\"async\" width=\"280\" height=\"432\" src=\"https:\/\/universoproducao.nyc3.digitaloceanspaces.com\/cineop2025\/2025\/06\/LINDA-DE-MORRER_373349-Cecilia-Belem-280x432.jpg\" class=\"movie-img\" alt=\"\" \/>\n                <span class=\"movie-content\">\n          <span class=\"title\">Linda de Morrer<\/span>\n                      <span class=\"direction on-hover\">Dire\u00e7\u00e3o: Cris D&#8217;Amato<\/span>\n                                          <span class=\"country on-hover\">RJ<\/span>\n                                <span class=\"read-more btn-link on-hover uppercase\">\n              Saiba mais <i class=\"icon-arrow-right\"><\/i><\/span>\n                  <\/span>\n      <\/a>\n    <\/div>\n        <div class=\"movie-item  \">\n      <a href=\"https:\/\/cineop.com.br\/2025\/filme\/na-redea-curta\/\">\n        <img loading=\"lazy\" decoding=\"async\" width=\"280\" height=\"432\" src=\"https:\/\/universoproducao.nyc3.digitaloceanspaces.com\/cineop2025\/2025\/06\/na-redea-curta_redimensionado-2.jpg\" class=\"movie-img\" alt=\"\" srcset=\"https:\/\/universoproducao.nyc3.digitaloceanspaces.com\/cineop2025\/2025\/06\/na-redea-curta_redimensionado-2.jpg 280w, https:\/\/universoproducao.nyc3.digitaloceanspaces.com\/cineop2025\/2025\/06\/na-redea-curta_redimensionado-2-194x300.jpg 194w\" sizes=\"auto, (max-width: 280px) 100vw, 280px\" \/>\n                <span class=\"movie-content\">\n          <span class=\"title\">Na R\u00e9dea Curta<\/span>\n                      <span class=\"direction on-hover\">Dire\u00e7\u00e3o: Ary Rosa, Glenda Nic\u00e1cio<\/span>\n                                          <span class=\"country on-hover\">BA<\/span>\n                                <span class=\"read-more btn-link on-hover uppercase\">\n              Saiba mais <i class=\"icon-arrow-right\"><\/i><\/span>\n                  <\/span>\n      <\/a>\n    <\/div>\n        <div class=\"movie-item  \">\n      <a href=\"https:\/\/cineop.com.br\/2025\/filme\/nao-quero-falar-sobre-isso-agora\/\">\n        <img loading=\"lazy\" decoding=\"async\" width=\"280\" height=\"432\" src=\"https:\/\/universoproducao.nyc3.digitaloceanspaces.com\/cineop2025\/2025\/05\/Nao-Quero-Falar-sobre-isso-Mauro-Chicharo-de-Farias.jpg\" class=\"movie-img\" alt=\"\" srcset=\"https:\/\/universoproducao.nyc3.digitaloceanspaces.com\/cineop2025\/2025\/05\/Nao-Quero-Falar-sobre-isso-Mauro-Chicharo-de-Farias.jpg 280w, https:\/\/universoproducao.nyc3.digitaloceanspaces.com\/cineop2025\/2025\/05\/Nao-Quero-Falar-sobre-isso-Mauro-Chicharo-de-Farias-194x300.jpg 194w\" sizes=\"auto, (max-width: 280px) 100vw, 280px\" \/>\n                <span class=\"movie-content\">\n          <span class=\"title\">N\u00c3O QUERO FALAR SOBRE ISSO AGORA<\/span>\n                      <span class=\"direction on-hover\">Dire\u00e7\u00e3o: MAURO FARIAS<\/span>\n                                          <span class=\"country on-hover\">RJ<\/span>\n                                <span class=\"read-more btn-link on-hover uppercase\">\n              Saiba mais <i class=\"icon-arrow-right\"><\/i><\/span>\n                  <\/span>\n      <\/a>\n    <\/div>\n        <div class=\"movie-item  \">\n      <a href=\"https:\/\/cineop.com.br\/2025\/filme\/o-casamento-de-louise\/\">\n        <img loading=\"lazy\" decoding=\"async\" width=\"280\" height=\"432\" src=\"https:\/\/universoproducao.nyc3.digitaloceanspaces.com\/cineop2025\/2025\/06\/o-casamento-de-louise_Louise-e-Bugre-Aurora-Cinematografica-280x432.jpg\" class=\"movie-img\" alt=\"\" \/>\n                <span class=\"movie-content\">\n          <span class=\"title\">O casamento de Louise<\/span>\n                      <span class=\"direction on-hover\">Dire\u00e7\u00e3o: Betse De Paula<\/span>\n                                          <span class=\"country on-hover\">DF<\/span>\n                                <span class=\"read-more btn-link on-hover uppercase\">\n              Saiba mais <i class=\"icon-arrow-right\"><\/i><\/span>\n                  <\/span>\n      <\/a>\n    <\/div>\n        <div class=\"movie-item  \">\n      <a href=\"https:\/\/cineop.com.br\/2025\/filme\/onde-esta-mymye-mastroiagnne\/\">\n        <img loading=\"lazy\" decoding=\"async\" width=\"280\" height=\"432\" src=\"https:\/\/universoproducao.nyc3.digitaloceanspaces.com\/cineop2025\/2025\/05\/Onde-Esta-Mymye-Mastroiagnne_-cartaz_mymye_a3_v5_menor-biarritzzz-280x432.jpg\" class=\"movie-img\" alt=\"\" \/>\n                <span class=\"movie-content\">\n          <span class=\"title\">Onde Est\u00e1 Mymye Mastroiagnne?<\/span>\n                      <span class=\"direction on-hover\">Dire\u00e7\u00e3o: biarritzzz<\/span>\n                                          <span class=\"country on-hover\">PE\/CE<\/span>\n                                <span class=\"read-more btn-link on-hover uppercase\">\n              Saiba mais <i class=\"icon-arrow-right\"><\/i><\/span>\n                  <\/span>\n      <\/a>\n    <\/div>\n        <div class=\"movie-item  \">\n      <a href=\"https:\/\/cineop.com.br\/2025\/filme\/os-homens-que-eu-tive\/\">\n        <img loading=\"lazy\" decoding=\"async\" width=\"280\" height=\"432\" src=\"https:\/\/universoproducao.nyc3.digitaloceanspaces.com\/cineop2025\/2025\/05\/Os-Homens-que-Eu-Tive-CN_0844A_homens_que_tive-glenis-cardoso-280x432.jpg\" class=\"movie-img\" alt=\"\" \/>\n                <span class=\"movie-content\">\n          <span class=\"title\">Os Homens que Eu Tive<\/span>\n                      <span class=\"direction on-hover\">Dire\u00e7\u00e3o: Tereza Trautman<\/span>\n                                          <span class=\"country on-hover\">RJ<\/span>\n                                <span class=\"read-more btn-link on-hover uppercase\">\n              Saiba mais <i class=\"icon-arrow-right\"><\/i><\/span>\n                  <\/span>\n      <\/a>\n    <\/div>\n        <div class=\"movie-item  \">\n      <a href=\"https:\/\/cineop.com.br\/2025\/filme\/plano-controle\/\">\n        <img loading=\"lazy\" decoding=\"async\" width=\"280\" height=\"432\" src=\"https:\/\/universoproducao.nyc3.digitaloceanspaces.com\/cineop2025\/2025\/06\/po-planocontrole-280x432.webp\" class=\"movie-img\" alt=\"\" \/>\n                <span class=\"movie-content\">\n          <span class=\"title\">Plano Controle<\/span>\n                      <span class=\"direction on-hover\">Dire\u00e7\u00e3o: Juliana Antunes<\/span>\n                                          <span class=\"country on-hover\">MG<\/span>\n                                <span class=\"read-more btn-link on-hover uppercase\">\n              Saiba mais <i class=\"icon-arrow-right\"><\/i><\/span>\n                  <\/span>\n      <\/a>\n    <\/div>\n        <div class=\"movie-item  \">\n      <a href=\"https:\/\/cineop.com.br\/2025\/filme\/ritas\/\">\n        <img loading=\"lazy\" decoding=\"async\" width=\"280\" height=\"432\" src=\"https:\/\/universoproducao.nyc3.digitaloceanspaces.com\/cineop2025\/2025\/06\/Ritas_cartaz_02abr_digital-280x432.jpg\" class=\"movie-img\" alt=\"\" \/>\n                <span class=\"movie-content\">\n          <span class=\"title\">Ritas<\/span>\n                      <span class=\"direction on-hover\">Dire\u00e7\u00e3o: Oswaldo Santana<\/span>\n                                          <span class=\"country on-hover\">SP<\/span>\n                                <span class=\"read-more btn-link on-hover uppercase\">\n              Saiba mais <i class=\"icon-arrow-right\"><\/i><\/span>\n                  <\/span>\n      <\/a>\n    <\/div>\n        <div class=\"movie-item  \">\n      <a href=\"https:\/\/cineop.com.br\/2025\/filme\/sinfonia-da-necropole\/\">\n        <img loading=\"lazy\" decoding=\"async\" width=\"280\" height=\"432\" src=\"https:\/\/universoproducao.nyc3.digitaloceanspaces.com\/cineop2025\/2025\/06\/cartaz-9oteste-copy-1-Max-Eluard-280x432.jpg\" class=\"movie-img\" alt=\"\" \/>\n                <span class=\"movie-content\">\n          <span class=\"title\">Sinfonia da Necr\u00f3pole<\/span>\n                      <span class=\"direction on-hover\">Dire\u00e7\u00e3o: Juliana Rojas<\/span>\n                                          <span class=\"country on-hover\">SP<\/span>\n                                <span class=\"read-more btn-link on-hover uppercase\">\n              Saiba mais <i class=\"icon-arrow-right\"><\/i><\/span>\n                  <\/span>\n      <\/a>\n    <\/div>\n                <\/div>\n          <\/div>\n                  <\/div>\n      <\/div>\n    <\/div>\n              <\/div>\n    ","protected":false},"excerpt":{"rendered":"","protected":false},"author":1,"featured_media":0,"parent":275,"menu_order":0,"comment_status":"closed","ping_status":"closed","template":"","meta":{"footnotes":""},"class_list":["post-315","page","type-page","status-publish","hentry"],"acf":[],"_links":{"self":[{"href":"https:\/\/cineop.com.br\/2025\/wp-json\/wp\/v2\/pages\/315","targetHints":{"allow":["GET"]}}],"collection":[{"href":"https:\/\/cineop.com.br\/2025\/wp-json\/wp\/v2\/pages"}],"about":[{"href":"https:\/\/cineop.com.br\/2025\/wp-json\/wp\/v2\/types\/page"}],"author":[{"embeddable":true,"href":"https:\/\/cineop.com.br\/2025\/wp-json\/wp\/v2\/users\/1"}],"replies":[{"embeddable":true,"href":"https:\/\/cineop.com.br\/2025\/wp-json\/wp\/v2\/comments?post=315"}],"version-history":[{"count":3,"href":"https:\/\/cineop.com.br\/2025\/wp-json\/wp\/v2\/pages\/315\/revisions"}],"predecessor-version":[{"id":1553,"href":"https:\/\/cineop.com.br\/2025\/wp-json\/wp\/v2\/pages\/315\/revisions\/1553"}],"up":[{"embeddable":true,"href":"https:\/\/cineop.com.br\/2025\/wp-json\/wp\/v2\/pages\/275"}],"wp:attachment":[{"href":"https:\/\/cineop.com.br\/2025\/wp-json\/wp\/v2\/media?parent=315"}],"curies":[{"name":"wp","href":"https:\/\/api.w.org\/{rel}","templated":true}]}}