{"id":319,"date":"2025-05-13T16:16:35","date_gmt":"2025-05-13T19:16:35","guid":{"rendered":"http:\/\/167.172.252.128\/?page_id=319"},"modified":"2025-06-04T19:43:42","modified_gmt":"2025-06-04T22:43:42","slug":"mostra-valores","status":"publish","type":"page","link":"https:\/\/cineop.com.br\/2025\/filmes\/mostra-valores\/","title":{"rendered":"Mostra Valores"},"content":{"rendered":"\n    <div id=\"movie-block_6840cc1360c7c\" class=\"movie-block\">\n                  <div data-slides-per-view=\"4\" id=\"block_6840cc1360c7c\" class=\"movie expanded movie-block movie-list\">\n            <div class=\"container container-1216 flex-col\">\n        <div class=\"\">\n                    <div class=\" movie-items\">\n            <div class=\"movie-items-wrapper\">\n                  <div class=\"movie-item  \">\n      <a href=\"https:\/\/cineop.com.br\/2025\/filme\/sopro\/\">\n        <img loading=\"lazy\" decoding=\"async\" width=\"280\" height=\"432\" src=\"https:\/\/universoproducao.nyc3.digitaloceanspaces.com\/cineop2025\/2025\/05\/SOPRO-STILL_FILME-SOPRO_1.9.7-1.jpg\" class=\"movie-img\" alt=\"\" srcset=\"https:\/\/universoproducao.nyc3.digitaloceanspaces.com\/cineop2025\/2025\/05\/SOPRO-STILL_FILME-SOPRO_1.9.7-1.jpg 280w, https:\/\/universoproducao.nyc3.digitaloceanspaces.com\/cineop2025\/2025\/05\/SOPRO-STILL_FILME-SOPRO_1.9.7-1-194x300.jpg 194w\" sizes=\"auto, (max-width: 280px) 100vw, 280px\" \/>\n                <span class=\"movie-content\">\n          <span class=\"title\">Sopro<\/span>\n                      <span class=\"direction on-hover\">Dire\u00e7\u00e3o: Evandro Caixeta e Jo\u00e3o Gilberto Lara<\/span>\n                                          <span class=\"country on-hover\">MG<\/span>\n                                <span class=\"read-more btn-link on-hover uppercase\">\n              Saiba mais <i class=\"icon-arrow-right\"><\/i><\/span>\n                  <\/span>\n      <\/a>\n    <\/div>\n        <div class=\"movie-item  \">\n      <a href=\"https:\/\/cineop.com.br\/2025\/filme\/sucuarana\/\">\n        <img loading=\"lazy\" decoding=\"async\" width=\"280\" height=\"432\" src=\"https:\/\/universoproducao.nyc3.digitaloceanspaces.com\/cineop2025\/2025\/05\/Sucuarana-1-280x432.jpg\" class=\"movie-img\" alt=\"\" \/>\n                <span class=\"movie-content\">\n          <span class=\"title\">Su\u00e7uarana<\/span>\n                      <span class=\"direction on-hover\">Dire\u00e7\u00e3o: Clarissa Campolina , S\u00e9rgio borges<\/span>\n                                          <span class=\"country on-hover\">MG<\/span>\n                                <span class=\"read-more btn-link on-hover uppercase\">\n              Saiba mais <i class=\"icon-arrow-right\"><\/i><\/span>\n                  <\/span>\n      <\/a>\n    <\/div>\n                <\/div>\n          <\/div>\n                  <\/div>\n      <\/div>\n    <\/div>\n              <\/div>\n    ","protected":false},"excerpt":{"rendered":"","protected":false},"author":1,"featured_media":0,"parent":275,"menu_order":0,"comment_status":"closed","ping_status":"closed","template":"","meta":{"footnotes":""},"class_list":["post-319","page","type-page","status-publish","hentry"],"acf":[],"_links":{"self":[{"href":"https:\/\/cineop.com.br\/2025\/wp-json\/wp\/v2\/pages\/319","targetHints":{"allow":["GET"]}}],"collection":[{"href":"https:\/\/cineop.com.br\/2025\/wp-json\/wp\/v2\/pages"}],"about":[{"href":"https:\/\/cineop.com.br\/2025\/wp-json\/wp\/v2\/types\/page"}],"author":[{"embeddable":true,"href":"https:\/\/cineop.com.br\/2025\/wp-json\/wp\/v2\/users\/1"}],"replies":[{"embeddable":true,"href":"https:\/\/cineop.com.br\/2025\/wp-json\/wp\/v2\/comments?post=319"}],"version-history":[{"count":3,"href":"https:\/\/cineop.com.br\/2025\/wp-json\/wp\/v2\/pages\/319\/revisions"}],"predecessor-version":[{"id":1569,"href":"https:\/\/cineop.com.br\/2025\/wp-json\/wp\/v2\/pages\/319\/revisions\/1569"}],"up":[{"embeddable":true,"href":"https:\/\/cineop.com.br\/2025\/wp-json\/wp\/v2\/pages\/275"}],"wp:attachment":[{"href":"https:\/\/cineop.com.br\/2025\/wp-json\/wp\/v2\/media?parent=319"}],"curies":[{"name":"wp","href":"https:\/\/api.w.org\/{rel}","templated":true}]}}