{"id":331,"date":"2025-05-13T16:24:14","date_gmt":"2025-05-13T19:24:14","guid":{"rendered":"http:\/\/167.172.252.128\/?page_id=331"},"modified":"2025-06-18T16:16:23","modified_gmt":"2025-06-18T19:16:23","slug":"acessibilidade","status":"publish","type":"page","link":"https:\/\/cineop.com.br\/2025\/o-evento\/acessibilidade\/","title":{"rendered":"Acessibilidade"},"content":{"rendered":"\n<p>Refor\u00e7ando o seu compromisso com a inclus\u00e3o e diversidade, a CineOP &#8211; Mostra de Cinema de Ouro Preto amplia na programa\u00e7\u00e3o da sua 20\u00aa edi\u00e7\u00e3o, a disponibilidade de atividades e filmes acess\u00edveis a pessoas com defici\u00eancia.&nbsp;<\/p>\n\n\n\n<h3 class=\"wp-block-heading\">7 atividades contam com tradu\u00e7\u00e3o simult\u00e2nea em LIBRAS:<\/h3>\n\n\n\n<ul class=\"wp-block-list\">\n<li><strong>Debate \u2013 Encontro de Arquivos \u2013 Forma\u00e7\u00e3o em Preserva\u00e7\u00e3o Audiovisual no Brasil <\/strong>| 26 de junho de 10h \u00e0s 12h no Audit\u00f3rio I \u2013 2\u00ba andar \u2013 Centro de Conven\u00e7\u00f5es<\/li>\n\n\n\n<li><strong>Di\u00e1logos da Preserva\u00e7\u00e3o \u2013 Encontro de Arquivos \u2013 A\u00e7\u00f5es de Preserva\u00e7\u00e3o da Secretaria do<\/strong> <strong>Audiovisual 2023\u20132025 <\/strong>| 26 de junho de 15h30 \u00e0s 17h30 no Audit\u00f3rio I \u2013 2\u00ba andar \u2013 Centro de Conven\u00e7\u00f5es<\/li>\n\n\n\n<li><strong>Debate \u2013 Encontro da Educa\u00e7\u00e3o \u2013 Acervos e Curadorias no Contexto do Programa<\/strong> <strong>Nacional de Cinema na Escola <\/strong>| 26 de junho de 15h30 \u00e0s 18h no Audit\u00f3rio II \u2013 2\u00ba andar \u2013 Centro de Conven\u00e7\u00f5es<\/li>\n\n\n\n<li><strong>Cerim\u00f4nia de Abertura<\/strong>| <strong>Performance Audiovisual<\/strong> | 26 de junho \u00e0s 19h30 no Cine-Pra\u00e7a<\/li>\n\n\n\n<li><strong>Debate Inaugural \u2013 Preserva\u00e7\u00e3o e Educa\u00e7\u00e3o: A Alma Viva do Cinema Brasileiro<\/strong> | 27 de junho de 10h \u00e0s 12h30 no Audit\u00f3rio I \u2013 2\u00ba andar \u2013 Centro de Conven\u00e7\u00f5es<\/li>\n\n\n\n<li><strong>Lan\u00e7amento da Rede Nacional de Arquivos e Acervos Audiovisuais Brasileiros<\/strong> | 27 de junho de 14h \u00e0s 16h no Audit\u00f3rio I \u2013 2\u00ba andar \u2013 Centro de Conven\u00e7\u00f5es<\/li>\n\n\n\n<li><strong>Debate \u2013 Encontro de Arquivos \u2013 Pol\u00edticas P\u00fablicas Para o Patrim\u00f4nio e a Preserva\u00e7\u00e3o Audiovisual \u2013<\/strong> 27 de junho de 16h30 \u00e0s 18h30 no Audit\u00f3rio I \u2013 2\u00ba andar \u2013 Centro de Conven\u00e7\u00f5es<\/li>\n<\/ul>\n\n\n\n<h3 class=\"wp-block-heading\">Ao todo, 16 filmes brasileiros em pr\u00e9-estreias podem ser assistidos com recursos de acessibilidade:<\/h3>\n\n\n\n<p>&#8211; Dois curtas e dois longas ser\u00e3o exibidos com legendas LSE durante as sess\u00f5es presenciais<\/p>\n\n\n\n<p>&#8211; Quatro curtas ser\u00e3o exibidos com janela de libras e legendas LSE durante a sess\u00e3o presencial&nbsp;<\/p>\n\n\n\n<p>&#8211; Sete curtas ser\u00e3o exibidos com janela de libras durante as sess\u00f5es presenciais<\/p>\n\n\n\n<p>&#8211; Um longa ter\u00e1 acessibilidade em libras, audiodescri\u00e7\u00e3o e legendas LSE durante a sess\u00e3o presencial&nbsp;<\/p>\n\n\n\n<p>&#8211; Nas exibi\u00e7\u00f5es online um curta ter\u00e1 janela de libras e outro ter\u00e1 legendas LSE&nbsp;<\/p>\n\n\n\n<p><strong>Veja a rela\u00e7\u00e3o de filmes que contam com os recursos de acessibilidades dispon\u00edveis na 20\u00aa CineOP:&nbsp;<\/strong><\/p>\n\n\n\n<div style=\"height:57px\" aria-hidden=\"true\" class=\"wp-block-spacer\"><\/div>\n\n\n\n<h3 class=\"wp-block-heading\"><strong>PRESENCIAIS<\/strong>:<\/h3>\n\n\n\n<p>Curtas e Longas \u2013 OC \u2013 Legendas Vis\u00edveis LSE (Legendas para Surdos e Ensurdecidos)<\/p>\n\n\n\n<ul class=\"wp-block-list\">\n<li><strong>A NAVE QUE NUNCA POUSA <\/strong>| Curtas contempor\u00e2nea | Cine-Museu | 27\/06 &#8211; 18h30<\/li>\n\n\n\n<li><strong>A MENSAGEM DE JEQUI <\/strong>| Longa Mostrinha | Cine-Teatro | 29\/6 \u2013 15h<strong>&nbsp;<\/strong><\/li>\n\n\n\n<li><strong>O CAPIT\u00c3O BANDEIRA CONTRA O DR. MOURA BRASIL <\/strong>| Longas Mostra Preserva\u00e7\u00e3o| Cine-Museu | 29\/06 &#8211; 21h30<\/li>\n\n\n\n<li><strong>N\u00c3O \u00c9 SEMPRE QUE FAZ 60 ANOS <\/strong>| Curtas Mostra Educa\u00e7\u00e3o | Cine-Teatro | 30\/06 &#8211; 12h<\/li>\n<\/ul>\n\n\n\n<p>Curtas \u2013 LIBRAS e OC \u2013 Legendas Vis\u00edveis LSE (Legendas para Surdos e Ensurdecidos)<\/p>\n\n\n\n<ul class=\"wp-block-list\">\n<li><strong>MENINO GEPETO <\/strong>| Cine-escola| Cine-Teatro | 25\/06 &#8211; 14h \/ 30\/06 &#8211; 14h | *Sess\u00f5es exclusivas para escolas previamente inscritas<\/li>\n\n\n\n<li><strong>MENINO MONSTRO <\/strong>| Cine-escola| Cine-Teatro | 26\/06 &#8211; 8h30 \/ 14h | *Sess\u00f5es exclusivas para escolas previamente inscritas<\/li>\n\n\n\n<li><strong>ESTE CINEMA T\u00c3O AUGUSTA | SU\u00c1, A PRAIA QUE SUMIU <\/strong>| Curtas contempor\u00e2nea | Cine-Museu | 27\/06 &#8211; 18h30<\/li>\n<\/ul>\n\n\n\n<p>Curtas \u2013 LIBRAS<\/p>\n\n\n\n<ul class=\"wp-block-list\">\n<li><strong>SACIS <\/strong>| Cine-escola| Cine-Teatro | 26\/06 &#8211; 8h30 \/ 14h | *Sess\u00f5es exclusivas para escolas previamente inscritas<\/li>\n\n\n\n<li><strong>A MENINA E O FLAUTISTA | GLORINHA | PASSA A BOLA<\/strong> <strong>|<\/strong>Cine-escola| Cine-Teatro | 27\/06 &#8211; 8h30 \/ 14h | *Sess\u00f5es exclusivas para escolas previamente inscritas<\/li>\n\n\n\n<li><strong>ESPELHO, ESPELHO MEU<\/strong> |<strong> <\/strong>Curtas Mostra Educa\u00e7\u00e3o | Cine-Teatro | 28\/06 &#8211; 11h30<\/li>\n\n\n\n<li><strong>O QUE FICA <\/strong>| Curtas contempor\u00e2nea | Cine-Museu | 28\/06 &#8211; 18h<\/li>\n\n\n\n<li><strong>O C\u00c9U NO ANDAR DE BAIXO <\/strong>| Cine-escola| Cine-Teatro | 30\/06 &#8211; 8h30 | *Sess\u00e3o exclusiva para escolas previamente inscritas<\/li>\n<\/ul>\n\n\n\n<p>Longa \u2013 LIBRAS, AD e OC \u2013 Legendas Vis\u00edveis LSE (Legendas para Surdos e Ensurdecidos)<\/p>\n\n\n\n<ul class=\"wp-block-list\">\n<li><strong>A CABE\u00c7A PENSA ONDE OS P\u00c9S PISAM &#8211; FREI BETTO E A EDUCA\u00c7\u00c3O POPULAR<\/strong> | Mostra Educa\u00e7\u00e3o | Cine-Museu | 28\/06 \u2013 16h30<\/li>\n<\/ul>\n\n\n\n<h3 class=\"wp-block-heading\"><strong>ONLINE:<\/strong><\/h3>\n\n\n\n<ul class=\"wp-block-list\">\n<li><strong>ESPELHO, ESPELHO MEU<\/strong> |<strong> <\/strong>Curtas Mostra Educa\u00e7\u00e3o &#8211; LIBRAS<\/li>\n\n\n\n<li><strong>N\u00c3O \u00c9 SEMPRE QUE FAZ 60 ANOS <\/strong>| Curtas Mostra Educa\u00e7\u00e3o \u2013 OC<\/li>\n<\/ul>\n\n\n\n<p><\/p>\n","protected":false},"excerpt":{"rendered":"<p>Refor\u00e7ando o seu compromisso com a inclus\u00e3o e diversidade, a CineOP &#8211; Mostra de Cinema de Ouro Preto amplia na programa\u00e7\u00e3o da sua 20\u00aa edi\u00e7\u00e3o, a disponibilidade de atividades e [&hellip;]<\/p>\n","protected":false},"author":1,"featured_media":0,"parent":238,"menu_order":0,"comment_status":"closed","ping_status":"closed","template":"","meta":{"footnotes":""},"class_list":["post-331","page","type-page","status-publish","hentry"],"acf":[],"_links":{"self":[{"href":"https:\/\/cineop.com.br\/2025\/wp-json\/wp\/v2\/pages\/331","targetHints":{"allow":["GET"]}}],"collection":[{"href":"https:\/\/cineop.com.br\/2025\/wp-json\/wp\/v2\/pages"}],"about":[{"href":"https:\/\/cineop.com.br\/2025\/wp-json\/wp\/v2\/types\/page"}],"author":[{"embeddable":true,"href":"https:\/\/cineop.com.br\/2025\/wp-json\/wp\/v2\/users\/1"}],"replies":[{"embeddable":true,"href":"https:\/\/cineop.com.br\/2025\/wp-json\/wp\/v2\/comments?post=331"}],"version-history":[{"count":5,"href":"https:\/\/cineop.com.br\/2025\/wp-json\/wp\/v2\/pages\/331\/revisions"}],"predecessor-version":[{"id":2304,"href":"https:\/\/cineop.com.br\/2025\/wp-json\/wp\/v2\/pages\/331\/revisions\/2304"}],"up":[{"embeddable":true,"href":"https:\/\/cineop.com.br\/2025\/wp-json\/wp\/v2\/pages\/238"}],"wp:attachment":[{"href":"https:\/\/cineop.com.br\/2025\/wp-json\/wp\/v2\/media?parent=331"}],"curies":[{"name":"wp","href":"https:\/\/api.w.org\/{rel}","templated":true}]}}