{"id":350,"date":"2025-05-13T16:34:07","date_gmt":"2025-05-13T19:34:07","guid":{"rendered":"http:\/\/167.172.252.128\/?page_id=350"},"modified":"2025-06-13T20:03:04","modified_gmt":"2025-06-13T23:03:04","slug":"masterclasses-internacionais","status":"publish","type":"page","link":"https:\/\/cineop.com.br\/2025\/programa-de-formacao\/masterclasses-internacionais\/","title":{"rendered":"Masterclasses Internacionais e Workshop"},"content":{"rendered":"\n<h1 class=\"wp-block-heading\">MASTERCLASSES INTERNACIONAIS<\/h1>\n\n\n<div class=\"expanded\"><div class=\"container container-1216\">\n    <div id=\"formation-block_68239e187f749\" class=\"formation-items\">\n                      <div class=\"formation-item\">\n\n            \n                          <figure>\n                <img loading=\"lazy\" decoding=\"async\" width=\"464\" height=\"464\" src=\"https:\/\/universoproducao.nyc3.digitaloceanspaces.com\/cineop2025\/2025\/05\/Roberto-Smith-Masterclass-Internacional-464x464.jpg\" class=\"attachment-block_workshop size-block_workshop\" alt=\"\" srcset=\"https:\/\/universoproducao.nyc3.digitaloceanspaces.com\/cineop2025\/2025\/05\/Roberto-Smith-Masterclass-Internacional-464x464.jpg 464w, https:\/\/universoproducao.nyc3.digitaloceanspaces.com\/cineop2025\/2025\/05\/Roberto-Smith-Masterclass-Internacional-300x300.jpg 300w, https:\/\/universoproducao.nyc3.digitaloceanspaces.com\/cineop2025\/2025\/05\/Roberto-Smith-Masterclass-Internacional-150x150.jpg 150w, https:\/\/universoproducao.nyc3.digitaloceanspaces.com\/cineop2025\/2025\/05\/Roberto-Smith-Masterclass-Internacional-176x176.jpg 176w, https:\/\/universoproducao.nyc3.digitaloceanspaces.com\/cineop2025\/2025\/05\/Roberto-Smith-Masterclass-Internacional-460x460.jpg 460w, https:\/\/universoproducao.nyc3.digitaloceanspaces.com\/cineop2025\/2025\/05\/Roberto-Smith-Masterclass-Internacional.jpg 600w\" sizes=\"auto, (max-width: 464px) 100vw, 464px\" \/>              <\/figure>\n            \n                          <div class=\"desc\">\n                                  <div class=\"tags\">\n                    <div class=\"tag orange\">Masterclass Internacional; educa\u00e7\u00e3o<\/div>\n                  <\/div>\n                                <div class=\"title\">\n                  <h2 class=\"uppercase\">OLHARES PARA A AM\u00c9RICA LATINA: ACERVOS E LIBERDADE (CUBA)<\/h2>\n                  <p class=\"subtitle\"><p><b>Roberto Smith | Cuba<\/b><\/p>\n<\/p>                <\/div>\n                <div class=\"info\">\n                  <span class=\"date\"><i\n                    class=\"icon-mdi-calendar\"><\/i>27 de junho &#8211; sexta                    <\/span>                                    <span class=\"place\"><i\n                    class=\"icon-pin-fill\"><\/i>Audit\u00f3rio II \u2013 2\u00ba andar \u2013 Centro de Conven\u00e7\u00f5es                    <\/span>                                      <span><i\n                        class=\"icon-clock\"><\/i>carga hor\u00e1ria: 2h<\/span>\n                                                        <span><i\n                        class=\"icon-user\"><\/i>vagas: 40<\/span>\n                                                        <span><i\n                        class=\"icon-user\"><\/i>faixa et\u00e1ria: a partir de 18 anos<\/span>\n                                  <\/div>\n                <p class=\"excerpt\">\n                  No curta-metragem Por primera vez (1967), o cineasta cubano Octavio Cort\u00e1zar registra um momento de profunda transforma\u00e7\u00e3o: pela primeira vez, crian\u00e7as e camponeses das prov\u00edncias mais remotas de Cuba assistem [&hellip;]                <\/p>\n                                  <p><i>*Masterclass em espanhol com tradu\u00e7\u00e3o simult\u00e2nea<\/i><\/p>\n                                <div class=\"cta\">\n                                      <a class=\"btn-red\" href=\"https:\/\/cineop.com.br\/2025\/atividades\/olhares-para-a-america-latina-acervos-e-liberdade-cuba\/\">\n                      Saiba mais<\/a>\n                                                    <\/div>\n              <\/div>\n                      <\/div>\n                  <div class=\"formation-item\">\n\n            \n                          <figure>\n                <img loading=\"lazy\" decoding=\"async\" width=\"464\" height=\"464\" src=\"https:\/\/universoproducao.nyc3.digitaloceanspaces.com\/cineop2025\/2025\/05\/Jose-Manuel-lista.jpg\" class=\"attachment-block_workshop size-block_workshop\" alt=\"\" srcset=\"https:\/\/universoproducao.nyc3.digitaloceanspaces.com\/cineop2025\/2025\/05\/Jose-Manuel-lista.jpg 464w, https:\/\/universoproducao.nyc3.digitaloceanspaces.com\/cineop2025\/2025\/05\/Jose-Manuel-lista-300x300.jpg 300w, https:\/\/universoproducao.nyc3.digitaloceanspaces.com\/cineop2025\/2025\/05\/Jose-Manuel-lista-150x150.jpg 150w, https:\/\/universoproducao.nyc3.digitaloceanspaces.com\/cineop2025\/2025\/05\/Jose-Manuel-lista-176x176.jpg 176w, https:\/\/universoproducao.nyc3.digitaloceanspaces.com\/cineop2025\/2025\/05\/Jose-Manuel-lista-460x460.jpg 460w\" sizes=\"auto, (max-width: 464px) 100vw, 464px\" \/>              <\/figure>\n            \n                          <div class=\"desc\">\n                                  <div class=\"tags\">\n                    <div class=\"tag orange\">masterclass internacional; preserva\u00e7\u00e3o<\/div>\n                  <\/div>\n                                <div class=\"title\">\n                  <h2 class=\"uppercase\">CINEMATECAS E ARQUIVOS AUDIOVISUAIS COMO LUGARES DE CRIA\u00c7\u00c3O DE MEM\u00d3RIA<\/h2>\n                  <p class=\"subtitle\"><p><b>Jos\u00e9 Manuel Costa<\/b> <b>&nbsp;| PORTUGAL<\/b><\/p>\n<\/p>                <\/div>\n                <div class=\"info\">\n                  <span class=\"date\"><i\n                    class=\"icon-mdi-calendar\"><\/i>28 de junho &#8211; s\u00e1bado                    <\/span>                                    <span class=\"place\"><i\n                    class=\"icon-pin-fill\"><\/i>Audit\u00f3rio I &#8211; 2\u00ba andar &#8211; Centro de Conven\u00e7\u00f5es                    <\/span>                                      <span><i\n                        class=\"icon-clock\"><\/i>carga hor\u00e1ria: 2h<\/span>\n                                                        <span><i\n                        class=\"icon-user\"><\/i>vagas: 40<\/span>\n                                                        <span><i\n                        class=\"icon-user\"><\/i>faixa et\u00e1ria: a partir de 18 anos<\/span>\n                                  <\/div>\n                <p class=\"excerpt\">\n                  Reflex\u00e3o sobre o papel das cinematecas e arquivos audiovisuais enquanto espa\u00e7os ativos de constru\u00e7\u00e3o da mem\u00f3ria coletiva. Mais do que reposit\u00f3rios de obras, esses lugares tornam-se territ\u00f3rios de media\u00e7\u00e3o cultural, [&hellip;]                <\/p>\n                                <div class=\"cta\">\n                                      <a class=\"btn-red\" href=\"https:\/\/cineop.com.br\/2025\/atividades\/cinematecas-e-arquivos-audiovisuais-como-lugares-de-criacao-de-memoria\/\">\n                      Saiba mais<\/a>\n                                                    <\/div>\n              <\/div>\n                      <\/div>\n                  <div class=\"formation-item\">\n\n            \n                          <figure>\n                <img loading=\"lazy\" decoding=\"async\" width=\"464\" height=\"464\" src=\"https:\/\/universoproducao.nyc3.digitaloceanspaces.com\/cineop2025\/2025\/05\/Alejandra-Fritis-Zapata-Masterclass-Internacional-464x464.jpg\" class=\"attachment-block_workshop size-block_workshop\" alt=\"\" srcset=\"https:\/\/universoproducao.nyc3.digitaloceanspaces.com\/cineop2025\/2025\/05\/Alejandra-Fritis-Zapata-Masterclass-Internacional-464x464.jpg 464w, https:\/\/universoproducao.nyc3.digitaloceanspaces.com\/cineop2025\/2025\/05\/Alejandra-Fritis-Zapata-Masterclass-Internacional-300x300.jpg 300w, https:\/\/universoproducao.nyc3.digitaloceanspaces.com\/cineop2025\/2025\/05\/Alejandra-Fritis-Zapata-Masterclass-Internacional-150x150.jpg 150w, https:\/\/universoproducao.nyc3.digitaloceanspaces.com\/cineop2025\/2025\/05\/Alejandra-Fritis-Zapata-Masterclass-Internacional-176x176.jpg 176w, https:\/\/universoproducao.nyc3.digitaloceanspaces.com\/cineop2025\/2025\/05\/Alejandra-Fritis-Zapata-Masterclass-Internacional-460x460.jpg 460w, https:\/\/universoproducao.nyc3.digitaloceanspaces.com\/cineop2025\/2025\/05\/Alejandra-Fritis-Zapata-Masterclass-Internacional.jpg 600w\" sizes=\"auto, (max-width: 464px) 100vw, 464px\" \/>              <\/figure>\n            \n                          <div class=\"desc\">\n                                  <div class=\"tags\">\n                    <div class=\"tag orange\">masterclass internacional; educa\u00e7\u00e3o<\/div>\n                  <\/div>\n                                <div class=\"title\">\n                  <h2 class=\"uppercase\">OLHARES PARA AM\u00c9RICA LATINA: ACERVOS PARA AS INF\u00c2NCIAS E JUVENTUDES<\/h2>\n                  <p class=\"subtitle\"><p><b>Alejandra Fritis Zapata | Chile<\/b><\/p>\n<\/p>                <\/div>\n                <div class=\"info\">\n                  <span class=\"date\"><i\n                    class=\"icon-mdi-calendar\"><\/i>28 de junho &#8211; s\u00e1bado                    <\/span>                                    <span class=\"place\"><i\n                    class=\"icon-pin-fill\"><\/i>Audit\u00f3rio II \u2013 2\u00ba andar \u2013 Centro de Conven\u00e7\u00f5es                    <\/span>                                      <span><i\n                        class=\"icon-clock\"><\/i>carga hor\u00e1ria: 2h30<\/span>\n                                                        <span><i\n                        class=\"icon-user\"><\/i>vagas: 40<\/span>\n                                                        <span><i\n                        class=\"icon-user\"><\/i>faixa et\u00e1ria: a partir de 18 anos<\/span>\n                                  <\/div>\n                <p class=\"excerpt\">\n                  Esta atividade convida a um mergulho nas inf\u00e2ncias e nas imagens que as atravessam, propondo refletir sobre os sentidos da produ\u00e7\u00e3o audiovisual dedicada a elas. Entre pr\u00e1ticas pedag\u00f3gicas e pol\u00edticas [&hellip;]                <\/p>\n                                  <p><i>*Masterclass em espanhol com tradu\u00e7\u00e3o simult\u00e2nea<\/i><\/p>\n                                <div class=\"cta\">\n                                      <a class=\"btn-red\" href=\"https:\/\/cineop.com.br\/2025\/atividades\/olhares-para-america-latina-acervos-para-as-infancias-e-juventudes\/\">\n                      Saiba mais<\/a>\n                                                    <\/div>\n              <\/div>\n                      <\/div>\n                  <div class=\"formation-item\">\n\n            \n                          <figure>\n                <img loading=\"lazy\" decoding=\"async\" width=\"464\" height=\"464\" src=\"https:\/\/universoproducao.nyc3.digitaloceanspaces.com\/cineop2025\/2025\/06\/gerald-lista.jpg\" class=\"attachment-block_workshop size-block_workshop\" alt=\"\" srcset=\"https:\/\/universoproducao.nyc3.digitaloceanspaces.com\/cineop2025\/2025\/06\/gerald-lista.jpg 464w, https:\/\/universoproducao.nyc3.digitaloceanspaces.com\/cineop2025\/2025\/06\/gerald-lista-300x300.jpg 300w, https:\/\/universoproducao.nyc3.digitaloceanspaces.com\/cineop2025\/2025\/06\/gerald-lista-150x150.jpg 150w, https:\/\/universoproducao.nyc3.digitaloceanspaces.com\/cineop2025\/2025\/06\/gerald-lista-230x230.jpg 230w, https:\/\/universoproducao.nyc3.digitaloceanspaces.com\/cineop2025\/2025\/06\/gerald-lista-176x176.jpg 176w, https:\/\/universoproducao.nyc3.digitaloceanspaces.com\/cineop2025\/2025\/06\/gerald-lista-460x460.jpg 460w\" sizes=\"auto, (max-width: 464px) 100vw, 464px\" \/>              <\/figure>\n            \n                          <div class=\"desc\">\n                                  <div class=\"tags\">\n                    <div class=\"tag orange\">masterclass internacional<\/div>\n                  <\/div>\n                                <div class=\"title\">\n                  <h2 class=\"uppercase\">PROMOVER O CINEMA DE PATRIM\u00d4NIO: VITRINE CULTURAL OU MERCADO REAL? \u2013 RELATO FESTIVAL DE CANNES E FESTIVAL LUMI\u00c8RE<\/h2>\n                  <p class=\"subtitle\"><p><strong>G\u00e9rald Duchaussoy | Fran\u00e7a<\/strong><\/p>\n<\/p>                <\/div>\n                <div class=\"info\">\n                  <span class=\"date\"><i\n                    class=\"icon-mdi-calendar\"><\/i>29 de junho &#8211; domingo                    <\/span>                                    <span class=\"place\"><i\n                    class=\"icon-pin-fill\"><\/i>Audit\u00f3rio I &#8211; 2\u00ba andar &#8211; Centro de Conven\u00e7\u00f5es                    <\/span>                                      <span><i\n                        class=\"icon-clock\"><\/i>carga hor\u00e1ria: 1h15<\/span>\n                                                        <span><i\n                        class=\"icon-user\"><\/i>vagas: 40<\/span>\n                                                        <span><i\n                        class=\"icon-user\"><\/i>faixa et\u00e1ria: A partir de 18 anos<\/span>\n                                  <\/div>\n                <p class=\"excerpt\">\n                  Esta masterclass prop\u00f5e uma reflex\u00e3o sobre os modos contempor\u00e2neos de promover o cinema de patrim\u00f4nio. Qual o peso real da restaura\u00e7\u00e3o, da curadoria e das a\u00e7\u00f5es educativas na forma\u00e7\u00e3o de [&hellip;]                <\/p>\n                                <div class=\"cta\">\n                                      <a class=\"btn-red\" href=\"https:\/\/cineop.com.br\/2025\/atividades\/promover-o-cinema-de-patrimonio-vitrine-cultural-ou-mercado-real-relato-festival-de-cannes\/\">\n                      Saiba mais<\/a>\n                                                    <\/div>\n              <\/div>\n                      <\/div>\n                  <div class=\"formation-item\">\n\n            \n                          <figure>\n                <img loading=\"lazy\" decoding=\"async\" width=\"464\" height=\"464\" src=\"https:\/\/universoproducao.nyc3.digitaloceanspaces.com\/cineop2025\/2025\/05\/Abigail-child-lista.jpg\" class=\"attachment-block_workshop size-block_workshop\" alt=\"\" srcset=\"https:\/\/universoproducao.nyc3.digitaloceanspaces.com\/cineop2025\/2025\/05\/Abigail-child-lista.jpg 464w, https:\/\/universoproducao.nyc3.digitaloceanspaces.com\/cineop2025\/2025\/05\/Abigail-child-lista-300x300.jpg 300w, https:\/\/universoproducao.nyc3.digitaloceanspaces.com\/cineop2025\/2025\/05\/Abigail-child-lista-150x150.jpg 150w, https:\/\/universoproducao.nyc3.digitaloceanspaces.com\/cineop2025\/2025\/05\/Abigail-child-lista-176x176.jpg 176w, https:\/\/universoproducao.nyc3.digitaloceanspaces.com\/cineop2025\/2025\/05\/Abigail-child-lista-460x460.jpg 460w\" sizes=\"auto, (max-width: 464px) 100vw, 464px\" \/>              <\/figure>\n            \n                          <div class=\"desc\">\n                                  <div class=\"tags\">\n                    <div class=\"tag orange\">masterclass internacional; preserva\u00e7\u00e3o<\/div>\n                  <\/div>\n                                <div class=\"title\">\n                  <h2 class=\"uppercase\">CRIAR COM MEM\u00d3RIA: O TRABALHO DE ABIGAIL CHILD<\/h2>\n                  <p class=\"subtitle\"><p><b>Abigail Child <\/b>|<b> EUA<\/b><\/p>\n<\/p>                <\/div>\n                <div class=\"info\">\n                  <span class=\"date\"><i\n                    class=\"icon-mdi-calendar\"><\/i>29 de junho &#8211; domingo                    <\/span>                                    <span class=\"place\"><i\n                    class=\"icon-pin-fill\"><\/i>Audit\u00f3rio I &#8211; 2\u00ba andar &#8211; Centro de Conven\u00e7\u00f5es                    <\/span>                                      <span><i\n                        class=\"icon-clock\"><\/i>carga hor\u00e1ria: 2h<\/span>\n                                                        <span><i\n                        class=\"icon-user\"><\/i>vagas: 40<\/span>\n                                                        <span><i\n                        class=\"icon-user\"><\/i>faixa et\u00e1ria: a partir de 18 anos<\/span>\n                                  <\/div>\n                <p class=\"excerpt\">\n                  Nesta masterclass, a cineasta, poeta e artista experimental Abigail Child apresenta uma imers\u00e3o em sua trajet\u00f3ria singular, marcada por uma pr\u00e1tica est\u00e9tica radical e pela reinven\u00e7\u00e3o constante da linguagem audiovisual. [&hellip;]                <\/p>\n                                  <p><i>*Masterclass em ingl\u00eas com tradu\u00e7\u00e3o simult\u00e2nea<\/i><\/p>\n                                <div class=\"cta\">\n                                      <a class=\"btn-red\" href=\"https:\/\/cineop.com.br\/2025\/atividades\/criar-com-memoria-o-trabalho-de-abigail-child\/\">\n                      Saiba mais<\/a>\n                                                    <\/div>\n              <\/div>\n                      <\/div>\n                  <div class=\"formation-item\">\n\n            \n                          <figure>\n                <img loading=\"lazy\" decoding=\"async\" width=\"464\" height=\"464\" src=\"https:\/\/universoproducao.nyc3.digitaloceanspaces.com\/cineop2025\/2025\/05\/julia-minne-lista.png\" class=\"attachment-block_workshop size-block_workshop\" alt=\"\" srcset=\"https:\/\/universoproducao.nyc3.digitaloceanspaces.com\/cineop2025\/2025\/05\/julia-minne-lista.png 464w, https:\/\/universoproducao.nyc3.digitaloceanspaces.com\/cineop2025\/2025\/05\/julia-minne-lista-300x300.png 300w, https:\/\/universoproducao.nyc3.digitaloceanspaces.com\/cineop2025\/2025\/05\/julia-minne-lista-150x150.png 150w, https:\/\/universoproducao.nyc3.digitaloceanspaces.com\/cineop2025\/2025\/05\/julia-minne-lista-176x176.png 176w, https:\/\/universoproducao.nyc3.digitaloceanspaces.com\/cineop2025\/2025\/05\/julia-minne-lista-460x460.png 460w\" sizes=\"auto, (max-width: 464px) 100vw, 464px\" \/>              <\/figure>\n            \n                          <div class=\"desc\">\n                                  <div class=\"tags\">\n                    <div class=\"tag orange\">masterclass internacional; preserva\u00e7\u00e3o<\/div>\n                  <\/div>\n                                <div class=\"title\">\n                  <h2 class=\"uppercase\">A VALORIZA\u00c7\u00c3O DE ACERVOS DA CIN\u00c9MATH\u00c8QUE QU\u00c9B\u00c9COISE E O PROJETO VID\u00c9O FEMMES<\/h2>\n                  <p class=\"subtitle\"><p><b>Julia Minne | <\/b><b>CANAD\u00c1<\/b><\/p>\n<\/p>                <\/div>\n                <div class=\"info\">\n                  <span class=\"date\"><i\n                    class=\"icon-mdi-calendar\"><\/i>30 de junho &#8211; segunda                    <\/span>                                    <span class=\"place\"><i\n                    class=\"icon-pin-fill\"><\/i>Audit\u00f3rio I &#8211; 2\u00ba andar &#8211; Centro de Conven\u00e7\u00f5es                    <\/span>                                      <span><i\n                        class=\"icon-clock\"><\/i>carga hor\u00e1ria: 2h<\/span>\n                                                        <span><i\n                        class=\"icon-user\"><\/i>vagas: 40<\/span>\n                                                        <span><i\n                        class=\"icon-user\"><\/i>faixa et\u00e1ria: a partir de 18 anos<\/span>\n                                  <\/div>\n                <p class=\"excerpt\">\n                  Esta masterclass com Julia Minne prop\u00f5e uma reflex\u00e3o sobre as estrat\u00e9gias contempor\u00e2neas de valoriza\u00e7\u00e3o e ativa\u00e7\u00e3o de acervos audiovisuais, a partir da experi\u00eancia da Cin\u00e9math\u00e8que Qu\u00e9b\u00e9coise e do projeto Vid\u00e9o [&hellip;]                <\/p>\n                                  <p><i>*Masterclass em franc\u00eas com tradu\u00e7\u00e3o simult\u00e2nea<\/i><\/p>\n                                <div class=\"cta\">\n                                      <a class=\"btn-red\" href=\"https:\/\/cineop.com.br\/2025\/atividades\/a-valorizacao-de-acervos-da-cinematheque-quebecoise-e-o-projeto-video-femmes\/\">\n                      Saiba mais<\/a>\n                                                    <\/div>\n              <\/div>\n                      <\/div>\n            <\/div>\n    <\/div><\/div>\n\n\n<div style=\"height:100px\" aria-hidden=\"true\" class=\"wp-block-spacer\"><\/div>\n\n\n\n<h1 class=\"wp-block-heading\">WORKSHOP<\/h1>\n\n\n<div class=\"expanded\"><div class=\"container container-1216\">\n    <div id=\"formation-block_68387a9ba54df\" class=\"formation-items\">\n                      <div class=\"formation-item\">\n\n            \n                          <figure>\n                <img loading=\"lazy\" decoding=\"async\" width=\"464\" height=\"464\" src=\"https:\/\/universoproducao.nyc3.digitaloceanspaces.com\/cineop2025\/2025\/05\/Fabiola-Cavalcanti_workshop_MIS-464x464.jpg\" class=\"attachment-block_workshop size-block_workshop\" alt=\"\" srcset=\"https:\/\/universoproducao.nyc3.digitaloceanspaces.com\/cineop2025\/2025\/05\/Fabiola-Cavalcanti_workshop_MIS-464x464.jpg 464w, https:\/\/universoproducao.nyc3.digitaloceanspaces.com\/cineop2025\/2025\/05\/Fabiola-Cavalcanti_workshop_MIS-300x300.jpg 300w, https:\/\/universoproducao.nyc3.digitaloceanspaces.com\/cineop2025\/2025\/05\/Fabiola-Cavalcanti_workshop_MIS-150x150.jpg 150w, https:\/\/universoproducao.nyc3.digitaloceanspaces.com\/cineop2025\/2025\/05\/Fabiola-Cavalcanti_workshop_MIS-176x176.jpg 176w, https:\/\/universoproducao.nyc3.digitaloceanspaces.com\/cineop2025\/2025\/05\/Fabiola-Cavalcanti_workshop_MIS-460x460.jpg 460w, https:\/\/universoproducao.nyc3.digitaloceanspaces.com\/cineop2025\/2025\/05\/Fabiola-Cavalcanti_workshop_MIS.jpg 600w\" sizes=\"auto, (max-width: 464px) 100vw, 464px\" \/>              <\/figure>\n            \n                          <div class=\"desc\">\n                                  <div class=\"tags\">\n                    <div class=\"tag orange\">workshop; pontos mis<\/div>\n                  <\/div>\n                                <div class=\"title\">\n                  <h2 class=\"uppercase\">CRIA\u00c7\u00c3O DE PROGRAMAS DE DIFUS\u00c3O CULTURAL<\/h2>\n                  <p class=\"subtitle\"><p><b>Fab\u00edola Cavalcanti | SP<\/b><\/p>\n<\/p>                <\/div>\n                <div class=\"info\">\n                  <span class=\"date\"><i\n                    class=\"icon-mdi-calendar\"><\/i>26 de junho &#8211; quinta                    <\/span>                                    <span class=\"place\"><i\n                    class=\"icon-pin-fill\"><\/i>Sala Multiuso &#8211; 2\u00ba andar &#8211; Centro de Conven\u00e7\u00f5es                    <\/span>                                      <span><i\n                        class=\"icon-clock\"><\/i>carga hor\u00e1ria: 2h<\/span>\n                                                        <span><i\n                        class=\"icon-user\"><\/i>vagas: 40<\/span>\n                                                        <span><i\n                        class=\"icon-user\"><\/i>faixa et\u00e1ria: a partir de 18 anos<\/span>\n                                  <\/div>\n                <p class=\"excerpt\">\n                  Objetivo geral&nbsp; Capacitar gestores culturais, educadores e agentes p\u00fablicos a desenvolverem programas de difus\u00e3o cultural em seus territ\u00f3rios, tendo como refer\u00eancia o bem-sucedido programa Pontos MIS do Museu da Imagem [&hellip;]                <\/p>\n                                  <p><i>Workshop em parceria com o MIS-SP.<\/i><\/p>\n                                <div class=\"cta\">\n                                      <a class=\"btn-red\" href=\"https:\/\/cineop.com.br\/2025\/atividades\/criacao-de-programas-de-difusao-cultural\/\">\n                      Saiba mais<\/a>\n                                                    <\/div>\n              <\/div>\n                      <\/div>\n            <\/div>\n    <\/div><\/div>\n\n\n<p><\/p>\n","protected":false},"excerpt":{"rendered":"<p>MASTERCLASSES INTERNACIONAIS WORKSHOP<\/p>\n","protected":false},"author":1,"featured_media":0,"parent":346,"menu_order":0,"comment_status":"closed","ping_status":"closed","template":"","meta":{"footnotes":""},"class_list":["post-350","page","type-page","status-publish","hentry"],"acf":[],"_links":{"self":[{"href":"https:\/\/cineop.com.br\/2025\/wp-json\/wp\/v2\/pages\/350","targetHints":{"allow":["GET"]}}],"collection":[{"href":"https:\/\/cineop.com.br\/2025\/wp-json\/wp\/v2\/pages"}],"about":[{"href":"https:\/\/cineop.com.br\/2025\/wp-json\/wp\/v2\/types\/page"}],"author":[{"embeddable":true,"href":"https:\/\/cineop.com.br\/2025\/wp-json\/wp\/v2\/users\/1"}],"replies":[{"embeddable":true,"href":"https:\/\/cineop.com.br\/2025\/wp-json\/wp\/v2\/comments?post=350"}],"version-history":[{"count":6,"href":"https:\/\/cineop.com.br\/2025\/wp-json\/wp\/v2\/pages\/350\/revisions"}],"predecessor-version":[{"id":2013,"href":"https:\/\/cineop.com.br\/2025\/wp-json\/wp\/v2\/pages\/350\/revisions\/2013"}],"up":[{"embeddable":true,"href":"https:\/\/cineop.com.br\/2025\/wp-json\/wp\/v2\/pages\/346"}],"wp:attachment":[{"href":"https:\/\/cineop.com.br\/2025\/wp-json\/wp\/v2\/media?parent=350"}],"curies":[{"name":"wp","href":"https:\/\/api.w.org\/{rel}","templated":true}]}}