{"id":352,"date":"2025-05-13T16:34:45","date_gmt":"2025-05-13T19:34:45","guid":{"rendered":"http:\/\/167.172.252.128\/?page_id=352"},"modified":"2025-05-28T14:11:46","modified_gmt":"2025-05-28T17:11:46","slug":"oficinas","status":"publish","type":"page","link":"https:\/\/cineop.com.br\/2025\/programa-de-formacao\/oficinas\/","title":{"rendered":"Oficinas"},"content":{"rendered":"<div class=\"expanded\"><div class=\"container container-1216\">\n    <div id=\"formation-block_68239ec5c1400\" class=\"formation-items\">\n                      <div class=\"formation-item\">\n\n            \n                          <figure>\n                <img loading=\"lazy\" decoding=\"async\" width=\"464\" height=\"464\" src=\"https:\/\/universoproducao.nyc3.digitaloceanspaces.com\/cineop2025\/2025\/05\/Alexsandre-Carvalho_oficina_ATUACAO-464x464.jpg\" class=\"attachment-block_workshop size-block_workshop\" alt=\"\" srcset=\"https:\/\/universoproducao.nyc3.digitaloceanspaces.com\/cineop2025\/2025\/05\/Alexsandre-Carvalho_oficina_ATUACAO-464x464.jpg 464w, https:\/\/universoproducao.nyc3.digitaloceanspaces.com\/cineop2025\/2025\/05\/Alexsandre-Carvalho_oficina_ATUACAO-300x300.jpg 300w, https:\/\/universoproducao.nyc3.digitaloceanspaces.com\/cineop2025\/2025\/05\/Alexsandre-Carvalho_oficina_ATUACAO-150x150.jpg 150w, https:\/\/universoproducao.nyc3.digitaloceanspaces.com\/cineop2025\/2025\/05\/Alexsandre-Carvalho_oficina_ATUACAO-176x176.jpg 176w, https:\/\/universoproducao.nyc3.digitaloceanspaces.com\/cineop2025\/2025\/05\/Alexsandre-Carvalho_oficina_ATUACAO-460x460.jpg 460w, https:\/\/universoproducao.nyc3.digitaloceanspaces.com\/cineop2025\/2025\/05\/Alexsandre-Carvalho_oficina_ATUACAO.jpg 600w\" sizes=\"auto, (max-width: 464px) 100vw, 464px\" \/>              <\/figure>\n            \n                          <div class=\"desc\">\n                                <div class=\"title\">\n                  <h2 class=\"uppercase\">ATUA\u00c7\u00c3O PARA CINEMA: DO ROTEIRO \u00c0 CENA<\/h2>\n                  <p class=\"subtitle\"><p><b>Alex Carvalho | MG<\/b><\/p>\n<\/p>                <\/div>\n                <div class=\"info\">\n                  <span class=\"date\"><i\n                    class=\"icon-mdi-calendar\"><\/i>26 a 29 de junho \u2013 quinta a domingo                    <\/span>                                    <span class=\"place\"><i\n                    class=\"icon-pin-fill\"><\/i>Sala Multiuso &#8211; 2\u00ba andar &#8211; Centro de Conven\u00e7\u00f5es                    <\/span>                                      <span><i\n                        class=\"icon-clock\"><\/i>carga hor\u00e1ria: 16h<\/span>\n                                                        <span><i\n                        class=\"icon-user\"><\/i>vagas: 20<\/span>\n                                                        <span><i\n                        class=\"icon-user\"><\/i>faixa et\u00e1ria: a partir de 18 anos<\/span>\n                                  <\/div>\n                <p class=\"excerpt\">\n                  Objetivo geral&nbsp; Capacitar atores iniciantes e intermedi\u00e1rios nas t\u00e9cnicas de interpreta\u00e7\u00e3o para cinema, proporcionando um espa\u00e7o de estudo e pr\u00e1tica que explore a diferen\u00e7a entre atua\u00e7\u00e3o teatral e cinematogr\u00e1fica, linguagem [&hellip;]                <\/p>\n                                <div class=\"cta\">\n                                      <a class=\"btn-red\" href=\"https:\/\/cineop.com.br\/2025\/atividades\/oficina-de-atuacao-para-cinema-do-roteiro-a-cena\/\">\n                      Saiba mais<\/a>\n                                                    <\/div>\n              <\/div>\n                      <\/div>\n                  <div class=\"formation-item\">\n\n            \n                          <figure>\n                <img loading=\"lazy\" decoding=\"async\" width=\"464\" height=\"464\" src=\"https:\/\/universoproducao.nyc3.digitaloceanspaces.com\/cineop2025\/2025\/05\/camilo-cavalcanti-lista.jpg\" class=\"attachment-block_workshop size-block_workshop\" alt=\"\" srcset=\"https:\/\/universoproducao.nyc3.digitaloceanspaces.com\/cineop2025\/2025\/05\/camilo-cavalcanti-lista.jpg 464w, https:\/\/universoproducao.nyc3.digitaloceanspaces.com\/cineop2025\/2025\/05\/camilo-cavalcanti-lista-300x300.jpg 300w, https:\/\/universoproducao.nyc3.digitaloceanspaces.com\/cineop2025\/2025\/05\/camilo-cavalcanti-lista-150x150.jpg 150w, https:\/\/universoproducao.nyc3.digitaloceanspaces.com\/cineop2025\/2025\/05\/camilo-cavalcanti-lista-176x176.jpg 176w, https:\/\/universoproducao.nyc3.digitaloceanspaces.com\/cineop2025\/2025\/05\/camilo-cavalcanti-lista-460x460.jpg 460w\" sizes=\"auto, (max-width: 464px) 100vw, 464px\" \/>              <\/figure>\n            \n                          <div class=\"desc\">\n                                <div class=\"title\">\n                  <h2 class=\"uppercase\">PRODU\u00c7\u00c3O EXECUTIVA PARA CINEMA E OUTRAS JANELAS<\/h2>\n                  <p class=\"subtitle\"><p><strong>Camilo Cavalcanti | MG<\/strong><\/p>\n<\/p>                <\/div>\n                <div class=\"info\">\n                  <span class=\"date\"><i\n                    class=\"icon-mdi-calendar\"><\/i>26 e 27 de junho \u2013 quinta e sexta                    <\/span>                                    <span class=\"place\"><i\n                    class=\"icon-pin-fill\"><\/i>Sala Multiuso &#8211; 2\u00ba andar &#8211; Centro de Conven\u00e7\u00f5es                    <\/span>                                      <span><i\n                        class=\"icon-clock\"><\/i>carga hor\u00e1ria: 8h<\/span>\n                                                        <span><i\n                        class=\"icon-user\"><\/i>vagas: 25<\/span>\n                                                        <span><i\n                        class=\"icon-user\"><\/i>faixa et\u00e1ria: a partir de 18 anos<\/span>\n                                  <\/div>\n                <p class=\"excerpt\">\n                  Objetivo geral A oficina tem como principal objetivo enriquecer o entendimento e o debate acerca da contribui\u00e7\u00e3o da Produ\u00e7\u00e3o Executiva para a cria\u00e7\u00e3o, gest\u00e3o e execu\u00e7\u00e3o de obras audiovisuais para [&hellip;]                <\/p>\n                                <div class=\"cta\">\n                                      <a class=\"btn-red\" href=\"https:\/\/cineop.com.br\/2025\/atividades\/producao-executiva-para-cinema-e-outras-janelas\/\">\n                      Saiba mais<\/a>\n                                                    <\/div>\n              <\/div>\n                      <\/div>\n                  <div class=\"formation-item\">\n\n            \n                          <figure>\n                <img loading=\"lazy\" decoding=\"async\" width=\"464\" height=\"464\" src=\"https:\/\/universoproducao.nyc3.digitaloceanspaces.com\/cineop2025\/2025\/05\/Jackson_oficina_FIGURINO-464x464.jpg\" class=\"attachment-block_workshop size-block_workshop\" alt=\"\" srcset=\"https:\/\/universoproducao.nyc3.digitaloceanspaces.com\/cineop2025\/2025\/05\/Jackson_oficina_FIGURINO-464x464.jpg 464w, https:\/\/universoproducao.nyc3.digitaloceanspaces.com\/cineop2025\/2025\/05\/Jackson_oficina_FIGURINO-300x300.jpg 300w, https:\/\/universoproducao.nyc3.digitaloceanspaces.com\/cineop2025\/2025\/05\/Jackson_oficina_FIGURINO-150x150.jpg 150w, https:\/\/universoproducao.nyc3.digitaloceanspaces.com\/cineop2025\/2025\/05\/Jackson_oficina_FIGURINO-176x176.jpg 176w, https:\/\/universoproducao.nyc3.digitaloceanspaces.com\/cineop2025\/2025\/05\/Jackson_oficina_FIGURINO-460x460.jpg 460w, https:\/\/universoproducao.nyc3.digitaloceanspaces.com\/cineop2025\/2025\/05\/Jackson_oficina_FIGURINO.jpg 600w\" sizes=\"auto, (max-width: 464px) 100vw, 464px\" \/>              <\/figure>\n            \n                          <div class=\"desc\">\n                                <div class=\"title\">\n                  <h2 class=\"uppercase\">FIGURINO EM CENA: CRIA\u00c7\u00c3O E IDENTIDADE VISUAL NO AUDIOVISUAL<\/h2>\n                  <p class=\"subtitle\"><p><b>Jackson Santos | MG<\/b><\/p>\n<\/p>                <\/div>\n                <div class=\"info\">\n                  <span class=\"date\"><i\n                    class=\"icon-mdi-calendar\"><\/i>26 a 28 de junho \u2013 quinta a s\u00e1bado                    <\/span>                                    <span class=\"place\"><i\n                    class=\"icon-pin-fill\"><\/i>Sala Multiuso &#8211; 2\u00ba andar &#8211; Centro de Conven\u00e7\u00f5es                    <\/span>                                      <span><i\n                        class=\"icon-clock\"><\/i>carga hor\u00e1ria: 12h<\/span>\n                                                        <span><i\n                        class=\"icon-user\"><\/i>vagas: 20<\/span>\n                                                        <span><i\n                        class=\"icon-user\"><\/i>faixa et\u00e1ria: a partir de 18 anos<\/span>\n                                  <\/div>\n                <p class=\"excerpt\">\n                  Objetivo geral&nbsp; Capacitar os participantes para a concep\u00e7\u00e3o, desenvolvimento e execu\u00e7\u00e3o de figurinos para produ\u00e7\u00f5es audiovisuais, como curtas, longas-metragens e document\u00e1rios, abordando aspectos est\u00e9ticos, simb\u00f3licos e t\u00e9cnicos da cria\u00e7\u00e3o de [&hellip;]                <\/p>\n                                <div class=\"cta\">\n                                      <a class=\"btn-red\" href=\"https:\/\/cineop.com.br\/2025\/atividades\/figurino-em-cena-criacao-e-identidade-visual-no-audiovisual\/\">\n                      Saiba mais<\/a>\n                                                    <\/div>\n              <\/div>\n                      <\/div>\n                  <div class=\"formation-item\">\n\n            \n                          <figure>\n                <img loading=\"lazy\" decoding=\"async\" width=\"464\" height=\"464\" src=\"https:\/\/universoproducao.nyc3.digitaloceanspaces.com\/cineop2025\/2025\/05\/grid-nagra-464x464.jpg\" class=\"attachment-block_workshop size-block_workshop\" alt=\"\" srcset=\"https:\/\/universoproducao.nyc3.digitaloceanspaces.com\/cineop2025\/2025\/05\/grid-nagra-464x464.jpg 464w, https:\/\/universoproducao.nyc3.digitaloceanspaces.com\/cineop2025\/2025\/05\/grid-nagra-300x300.jpg 300w, https:\/\/universoproducao.nyc3.digitaloceanspaces.com\/cineop2025\/2025\/05\/grid-nagra-1024x1024.jpg 1024w, https:\/\/universoproducao.nyc3.digitaloceanspaces.com\/cineop2025\/2025\/05\/grid-nagra-150x150.jpg 150w, https:\/\/universoproducao.nyc3.digitaloceanspaces.com\/cineop2025\/2025\/05\/grid-nagra-768x768.jpg 768w, https:\/\/universoproducao.nyc3.digitaloceanspaces.com\/cineop2025\/2025\/05\/grid-nagra-1536x1536.jpg 1536w, https:\/\/universoproducao.nyc3.digitaloceanspaces.com\/cineop2025\/2025\/05\/grid-nagra-176x176.jpg 176w, https:\/\/universoproducao.nyc3.digitaloceanspaces.com\/cineop2025\/2025\/05\/grid-nagra-460x460.jpg 460w, https:\/\/universoproducao.nyc3.digitaloceanspaces.com\/cineop2025\/2025\/05\/grid-nagra.jpg 1800w\" sizes=\"auto, (max-width: 464px) 100vw, 464px\" \/>              <\/figure>\n            \n                          <div class=\"desc\">\n                                <div class=\"title\">\n                  <h2 class=\"uppercase\">DO NAGRA \u00c0S PLATAFORMAS DIGITAIS: PROCESSOS DE RESTAURA\u00c7\u00c3O DE \u00c1UDIO DO CTAV<\/h2>\n                  <p class=\"subtitle\"><p><strong>Alexandre Jardim, Nat\u00e1lia Castro e Felipe Barros | RJ<\/strong><\/p>\n<\/p>                <\/div>\n                <div class=\"info\">\n                  <span class=\"date\"><i\n                    class=\"icon-mdi-calendar\"><\/i>27 a 29 de junho \u2013 sexta a domingo                    <\/span>                                    <span class=\"place\"><i\n                    class=\"icon-pin-fill\"><\/i>Sala Multiuso &#8211; 2\u00ba andar &#8211; Centro de Conven\u00e7\u00f5es                    <\/span>                                      <span><i\n                        class=\"icon-clock\"><\/i>carga hor\u00e1ria: 12h<\/span>\n                                                        <span><i\n                        class=\"icon-user\"><\/i>vagas: 15<\/span>\n                                                        <span><i\n                        class=\"icon-user\"><\/i>faixa et\u00e1ria: a partir de 18 anos<\/span>\n                                  <\/div>\n                <p class=\"excerpt\">\n                  Objetivo geral&nbsp; Processos de restaura\u00e7\u00e3o de \u00e1udio do CTAv &#8211; Introduzir os alunos nos processos e pr\u00e1ticas da preserva\u00e7\u00e3o de som, apresentando a hist\u00f3ria do desenvolvimento tecnol\u00f3gico de capta\u00e7\u00e3o e [&hellip;]                <\/p>\n                                  <p><i>Essa oficina \u00e9 uma realiza\u00e7\u00e3o do CTAv.<\/i><\/p>\n                                <div class=\"cta\">\n                                      <a class=\"btn-red\" href=\"https:\/\/cineop.com.br\/2025\/atividades\/do-nagra-as-plataformas-digitais-processos-de-restauracao-de-audio-do-ctav\/\">\n                      Saiba mais<\/a>\n                                                    <\/div>\n              <\/div>\n                      <\/div>\n                  <div class=\"formation-item\">\n\n            \n                          <figure>\n                <img loading=\"lazy\" decoding=\"async\" width=\"464\" height=\"464\" src=\"https:\/\/universoproducao.nyc3.digitaloceanspaces.com\/cineop2025\/2025\/05\/grid-Oficina-Animacao-464x464.jpg\" class=\"attachment-block_workshop size-block_workshop\" alt=\"\" srcset=\"https:\/\/universoproducao.nyc3.digitaloceanspaces.com\/cineop2025\/2025\/05\/grid-Oficina-Animacao-464x464.jpg 464w, https:\/\/universoproducao.nyc3.digitaloceanspaces.com\/cineop2025\/2025\/05\/grid-Oficina-Animacao-300x300.jpg 300w, https:\/\/universoproducao.nyc3.digitaloceanspaces.com\/cineop2025\/2025\/05\/grid-Oficina-Animacao-1024x1024.jpg 1024w, https:\/\/universoproducao.nyc3.digitaloceanspaces.com\/cineop2025\/2025\/05\/grid-Oficina-Animacao-150x150.jpg 150w, https:\/\/universoproducao.nyc3.digitaloceanspaces.com\/cineop2025\/2025\/05\/grid-Oficina-Animacao-768x768.jpg 768w, https:\/\/universoproducao.nyc3.digitaloceanspaces.com\/cineop2025\/2025\/05\/grid-Oficina-Animacao-1536x1536.jpg 1536w, https:\/\/universoproducao.nyc3.digitaloceanspaces.com\/cineop2025\/2025\/05\/grid-Oficina-Animacao-176x176.jpg 176w, https:\/\/universoproducao.nyc3.digitaloceanspaces.com\/cineop2025\/2025\/05\/grid-Oficina-Animacao-460x460.jpg 460w, https:\/\/universoproducao.nyc3.digitaloceanspaces.com\/cineop2025\/2025\/05\/grid-Oficina-Animacao.jpg 1800w\" sizes=\"auto, (max-width: 464px) 100vw, 464px\" \/>              <\/figure>\n            \n                          <div class=\"desc\">\n                                <div class=\"title\">\n                  <h2 class=\"uppercase\">INTRODU\u00c7\u00c3O \u00c0 ANIMA\u00c7\u00c3O<\/h2>\n                  <p class=\"subtitle\"><p><b>S\u00e9rgio Arena e Thiago Facina | RJ<\/b><\/p>\n<\/p>                <\/div>\n                <div class=\"info\">\n                  <span class=\"date\"><i\n                    class=\"icon-mdi-calendar\"><\/i>27 a 29 de junho \u2013 sexta a domingo                    <\/span>                                    <span class=\"place\"><i\n                    class=\"icon-pin-fill\"><\/i>Sala Multiuso &#8211; 2\u00ba andar &#8211; Centro de Conven\u00e7\u00f5es                    <\/span>                                      <span><i\n                        class=\"icon-clock\"><\/i>carga hor\u00e1ria: 12h<\/span>\n                                                        <span><i\n                        class=\"icon-user\"><\/i>vagas: 15<\/span>\n                                                        <span><i\n                        class=\"icon-user\"><\/i>faixa et\u00e1ria: a partir de 18 anos<\/span>\n                                  <\/div>\n                <p class=\"excerpt\">\n                  Objetivo geral&nbsp; O curso de Introdu\u00e7\u00e3o \u00e0 Anima\u00e7\u00e3o, se caracteriza como uma porta de entrada para o mundo da produ\u00e7\u00e3o audiovisual e, especificamente, da anima\u00e7\u00e3o. Apoiando-se no ensino da t\u00e9cnica [&hellip;]                <\/p>\n                                  <p><i>Essa oficina \u00e9 uma realiza\u00e7\u00e3o do CTAv.<\/i><\/p>\n                                <div class=\"cta\">\n                                      <a class=\"btn-red\" href=\"https:\/\/cineop.com.br\/2025\/atividades\/introducao-a-animacao\/\">\n                      Saiba mais<\/a>\n                                                    <\/div>\n              <\/div>\n                      <\/div>\n                  <div class=\"formation-item\">\n\n            \n                          <figure>\n                <img loading=\"lazy\" decoding=\"async\" width=\"464\" height=\"464\" src=\"https:\/\/universoproducao.nyc3.digitaloceanspaces.com\/cineop2025\/2025\/05\/Andre-Srur_oficina_ASSISTENCIA-Creditos-Foto-Robert-Schwenck-464x464.jpg\" class=\"attachment-block_workshop size-block_workshop\" alt=\"\" srcset=\"https:\/\/universoproducao.nyc3.digitaloceanspaces.com\/cineop2025\/2025\/05\/Andre-Srur_oficina_ASSISTENCIA-Creditos-Foto-Robert-Schwenck-464x464.jpg 464w, https:\/\/universoproducao.nyc3.digitaloceanspaces.com\/cineop2025\/2025\/05\/Andre-Srur_oficina_ASSISTENCIA-Creditos-Foto-Robert-Schwenck-300x300.jpg 300w, https:\/\/universoproducao.nyc3.digitaloceanspaces.com\/cineop2025\/2025\/05\/Andre-Srur_oficina_ASSISTENCIA-Creditos-Foto-Robert-Schwenck-150x150.jpg 150w, https:\/\/universoproducao.nyc3.digitaloceanspaces.com\/cineop2025\/2025\/05\/Andre-Srur_oficina_ASSISTENCIA-Creditos-Foto-Robert-Schwenck-176x176.jpg 176w, https:\/\/universoproducao.nyc3.digitaloceanspaces.com\/cineop2025\/2025\/05\/Andre-Srur_oficina_ASSISTENCIA-Creditos-Foto-Robert-Schwenck-460x460.jpg 460w, https:\/\/universoproducao.nyc3.digitaloceanspaces.com\/cineop2025\/2025\/05\/Andre-Srur_oficina_ASSISTENCIA-Creditos-Foto-Robert-Schwenck.jpg 600w\" sizes=\"auto, (max-width: 464px) 100vw, 464px\" \/>              <\/figure>\n            \n                          <div class=\"desc\">\n                                <div class=\"title\">\n                  <h2 class=\"uppercase\">ASSIST\u00caNCIA DE DIRE\u00c7\u00c3O: A PR\u00c1TICA DA TEORIA<\/h2>\n                  <p class=\"subtitle\"><p><b>Andr\u00e9 Srur | SP<\/b><\/p>\n<\/p>                <\/div>\n                <div class=\"info\">\n                  <span class=\"date\"><i\n                    class=\"icon-mdi-calendar\"><\/i>27 a 29 de junho \u2013 sexta a domingo                    <\/span>                                    <span class=\"place\"><i\n                    class=\"icon-pin-fill\"><\/i>Sala Multiuso &#8211; 2\u00ba andar &#8211; Centro de Conven\u00e7\u00f5es                    <\/span>                                      <span><i\n                        class=\"icon-clock\"><\/i>carga hor\u00e1ria: 12h<\/span>\n                                                        <span><i\n                        class=\"icon-user\"><\/i>vagas: 30<\/span>\n                                                        <span><i\n                        class=\"icon-user\"><\/i>faixa et\u00e1ria: a partir de 18 anos<\/span>\n                                  <\/div>\n                <p class=\"excerpt\">\n                  Objetivo geral&nbsp; Assistente de Dire\u00e7\u00e3o: a pe\u00e7a-chave na engrenagem de qualquer produ\u00e7\u00e3o. Mais do que o bra\u00e7o direito do diretor, o assistente de dire\u00e7\u00e3o \u00e9 o profissional que organiza, planifica [&hellip;]                <\/p>\n                                <div class=\"cta\">\n                                      <a class=\"btn-red\" href=\"https:\/\/cineop.com.br\/2025\/atividades\/assistencia-de-direcao-a-pratica-da-teoria-com-andre-srur\/\">\n                      Saiba mais<\/a>\n                                                    <\/div>\n              <\/div>\n                      <\/div>\n            <\/div>\n    <\/div><\/div>","protected":false},"excerpt":{"rendered":"","protected":false},"author":1,"featured_media":0,"parent":346,"menu_order":0,"comment_status":"closed","ping_status":"closed","template":"","meta":{"footnotes":""},"class_list":["post-352","page","type-page","status-publish","hentry"],"acf":[],"_links":{"self":[{"href":"https:\/\/cineop.com.br\/2025\/wp-json\/wp\/v2\/pages\/352","targetHints":{"allow":["GET"]}}],"collection":[{"href":"https:\/\/cineop.com.br\/2025\/wp-json\/wp\/v2\/pages"}],"about":[{"href":"https:\/\/cineop.com.br\/2025\/wp-json\/wp\/v2\/types\/page"}],"author":[{"embeddable":true,"href":"https:\/\/cineop.com.br\/2025\/wp-json\/wp\/v2\/users\/1"}],"replies":[{"embeddable":true,"href":"https:\/\/cineop.com.br\/2025\/wp-json\/wp\/v2\/comments?post=352"}],"version-history":[{"count":3,"href":"https:\/\/cineop.com.br\/2025\/wp-json\/wp\/v2\/pages\/352\/revisions"}],"predecessor-version":[{"id":1138,"href":"https:\/\/cineop.com.br\/2025\/wp-json\/wp\/v2\/pages\/352\/revisions\/1138"}],"up":[{"embeddable":true,"href":"https:\/\/cineop.com.br\/2025\/wp-json\/wp\/v2\/pages\/346"}],"wp:attachment":[{"href":"https:\/\/cineop.com.br\/2025\/wp-json\/wp\/v2\/media?parent=352"}],"curies":[{"name":"wp","href":"https:\/\/api.w.org\/{rel}","templated":true}]}}